{"id":6982,"date":"2020-11-06T10:55:42","date_gmt":"2020-11-06T15:55:42","guid":{"rendered":"https:\/\/chatfly.net\/omegle\/"},"modified":"2023-06-27T16:44:36","modified_gmt":"2023-06-27T21:44:36","slug":"omegle","status":"publish","type":"page","link":"https:\/\/chatfly.net\/fr\/omegle\/","title":{"rendered":"Omegle"},"content":{"rendered":"<p>[et_pb_section fb_built=\u00a0\u00bb1&Prime; custom_padding_last_edited=\u00a0\u00bbon|phone\u00a0\u00bb admin_label=\u00a0\u00bbPage Title Section\u00a0\u00bb _builder_version=\u00a0\u00bb4.16&Prime; _module_preset=\u00a0\u00bbdefault\u00a0\u00bb use_background_color_gradient=\u00a0\u00bbon\u00a0\u00bb background_color_gradient_direction=\u00a0\u00bb120deg\u00a0\u00bb background_color_gradient_stops=\u00a0\u00bb#8d42de 0%|#000dff 100%\u00a0\u00bb background_color_gradient_start=\u00a0\u00bb#8d42de\u00a0\u00bb background_color_gradient_end=\u00a0\u00bb#000dff\u00a0\u00bb background_image=\u00a0\u00bbhttps:\/\/chatfly.net\/wp-content\/uploads\/2020\/11\/section-bg-hero2.png\u00a0\u00bb custom_padding=\u00a0\u00bb100px||60px||false|false\u00a0\u00bb custom_padding_tablet=\u00a0\u00bb40px||0px||false|false\u00a0\u00bb custom_padding_phone=\u00a0\u00bb30px||0px||false|false\u00a0\u00bb box_shadow_style=\u00a0\u00bbpreset7&Prime; box_shadow_horizontal=\u00a0\u00bb0px\u00a0\u00bb box_shadow_color=\u00a0\u00bb#ffffff\u00a0\u00bb global_colors_info=\u00a0\u00bb{}\u00a0\u00bb][et_pb_row custom_padding_last_edited=\u00a0\u00bbon|phone\u00a0\u00bb admin_label=\u00a0\u00bbPage Title Area\u00a0\u00bb _builder_version=\u00a0\u00bb4.16&Prime; _module_preset=\u00a0\u00bbdefault\u00a0\u00bb background_size=\u00a0\u00bbinitial\u00a0\u00bb background_position=\u00a0\u00bbtop_left\u00a0\u00bb background_repeat=\u00a0\u00bbrepeat\u00a0\u00bb width_tablet=\u00a0\u00bb\u00a0\u00bb width_phone=\u00a0\u00bb100%\u00a0\u00bb width_last_edited=\u00a0\u00bbon|phone\u00a0\u00bb custom_padding_tablet=\u00a0\u00bb\u00a0\u00bb custom_padding_phone=\u00a0\u00bb0px||0px||true|false\u00a0\u00bb global_colors_info=\u00a0\u00bb{}\u00a0\u00bb][et_pb_column type=\u00a0\u00bb4_4&Prime; _builder_version=\u00a0\u00bb4.16&Prime; _module_preset=\u00a0\u00bbdefault\u00a0\u00bb custom_padding=\u00a0\u00bb|||\u00a0\u00bb global_colors_info=\u00a0\u00bb{}\u00a0\u00bb custom_padding__hover=\u00a0\u00bb|||\u00a0\u00bb][et_pb_code disabled_on=\u00a0\u00bbon|on|on\u00a0\u00bb _builder_version=\u00a0\u00bb4.16&Prime; _module_preset=\u00a0\u00bbdefault\u00a0\u00bb disabled=\u00a0\u00bbon\u00a0\u00bb global_colors_info=\u00a0\u00bb{}\u00a0\u00bb]<!-- [et_pb_line_break_holder] --><center><\/p>\n<div id=\"coomeet_container\" style=\"width:800px; height:650px\"><!-- [et_pb_line_break_holder] -->\t<script type=\"text\/javascript\"><!-- [et_pb_line_break_holder] -->\t\tvar _coomeet = [];<!-- [et_pb_line_break_holder] -->\t\t_coomeet['PartnerId'] = 15838965372563;<!-- [et_pb_line_break_holder] -->\t\t(function() {<!-- [et_pb_line_break_holder] -->\t\t\tvar coomeet = document.createElement('script'); coomeet.type = 'text\/javascript'; coomeet.async = true;<!-- [et_pb_line_break_holder] -->\t\t\tcoomeet.src = 'https:\/\/i.coomeet.com\/js\/code.js';<!-- [et_pb_line_break_holder] -->\t\t\tvar s = document.getElementsByTagName('script')[0]; s.parentNode.insertBefore(coomeet, s);<!-- [et_pb_line_break_holder] -->\t\t})();<!-- [et_pb_line_break_holder] -->\t<\/script><!-- [et_pb_line_break_holder] --><\/div>\n<p><\/center>[\/et_pb_code][et_pb_code _builder_version=\u00a0\u00bb4.16&Prime; _module_preset=\u00a0\u00bbdefault\u00a0\u00bb global_colors_info=\u00a0\u00bb{}\u00a0\u00bb]<!-- [et_pb_line_break_holder] --><center><\/p>\n<div id=\"coomeet_container\" style=\"width:800px; height:650px\"><!-- [et_pb_line_break_holder] -->\t<script type=\"text\/javascript\"><!-- [et_pb_line_break_holder] -->\t\tvar _coomeet = [];<!-- [et_pb_line_break_holder] -->\t\t_coomeet['PartnerId'] = 15838965372563;<!-- [et_pb_line_break_holder] -->\t\t_coomeet['ChannelName'] = 'videochatgirls';<!-- [et_pb_line_break_holder] -->\t\t(function() {<!-- [et_pb_line_break_holder] -->\t\t\tvar coomeet = document.createElement('script'); coomeet.type = 'text\/javascript'; coomeet.async = true;<!-- [et_pb_line_break_holder] -->\t\t\tcoomeet.src = 'https:\/\/iframe.coomeet.me\/js\/code.js';<!-- [et_pb_line_break_holder] -->\t\t\tvar s = document.getElementsByTagName('script')[0]; s.parentNode.insertBefore(coomeet, s);<!-- [et_pb_line_break_holder] -->\t\t})();<!-- [et_pb_line_break_holder] -->\t<\/script><!-- [et_pb_line_break_holder] --><\/div>\n<p><\/center>[\/et_pb_code][\/et_pb_column][\/et_pb_row][et_pb_row custom_padding_last_edited=\u00a0\u00bbon|phone\u00a0\u00bb admin_label=\u00a0\u00bbPage Title Area\u00a0\u00bb _builder_version=\u00a0\u00bb4.16&Prime; _module_preset=\u00a0\u00bbdefault\u00a0\u00bb background_size=\u00a0\u00bbinitial\u00a0\u00bb background_position=\u00a0\u00bbtop_left\u00a0\u00bb background_repeat=\u00a0\u00bbrepeat\u00a0\u00bb width_tablet=\u00a0\u00bb\u00a0\u00bb width_phone=\u00a0\u00bb100%\u00a0\u00bb width_last_edited=\u00a0\u00bbon|phone\u00a0\u00bb custom_padding_tablet=\u00a0\u00bb\u00a0\u00bb custom_padding_phone=\u00a0\u00bb0px||0px||true|false\u00a0\u00bb global_colors_info=\u00a0\u00bb{}\u00a0\u00bb][et_pb_column type=\u00a0\u00bb4_4&Prime; _builder_version=\u00a0\u00bb4.16&Prime; _module_preset=\u00a0\u00bbdefault\u00a0\u00bb custom_padding=\u00a0\u00bb|||\u00a0\u00bb global_colors_info=\u00a0\u00bb{}\u00a0\u00bb custom_padding__hover=\u00a0\u00bb|||\u00a0\u00bb][et_pb_text admin_label=\u00a0\u00bbTitle\u00a0\u00bb _builder_version=\u00a0\u00bb4.16&Prime; _module_preset=\u00a0\u00bbdefault\u00a0\u00bb text_font=\u00a0\u00bbPoppins||||||||\u00a0\u00bb text_font_size=\u00a0\u00bb18px\u00a0\u00bb text_line_height=\u00a0\u00bb1.8em\u00a0\u00bb link_text_color=\u00a0\u00bb#ffffff\u00a0\u00bb header_font=\u00a0\u00bbPoppins|600|||||||\u00a0\u00bb header_font_size=\u00a0\u00bb48px\u00a0\u00bb header_line_height=\u00a0\u00bb1.4em\u00a0\u00bb header_2_font=\u00a0\u00bb||||||||\u00a0\u00bb text_orientation=\u00a0\u00bbcenter\u00a0\u00bb background_layout=\u00a0\u00bbdark\u00a0\u00bb max_width=\u00a0\u00bb999px\u00a0\u00bb max_width_tablet=\u00a0\u00bb\u00a0\u00bb max_width_phone=\u00a0\u00bb90%\u00a0\u00bb max_width_last_edited=\u00a0\u00bbon|phone\u00a0\u00bb module_alignment=\u00a0\u00bbcenter\u00a0\u00bb custom_margin=\u00a0\u00bb|||\u00a0\u00bb animation_style=\u00a0\u00bbfade\u00a0\u00bb header_font_size_tablet=\u00a0\u00bb40px\u00a0\u00bb header_font_size_phone=\u00a0\u00bb32px\u00a0\u00bb header_font_size_last_edited=\u00a0\u00bbon|phone\u00a0\u00bb global_colors_info=\u00a0\u00bb{}\u00a0\u00bb]<\/p>\n<h1 data-pm-slice=\"1 1 []\"><strong>Omegle<\/strong><\/h1>\n<p style=\"text-align: left;\">Si vous \u00eates \u00e0 la recherche d&rsquo;une plateforme en ligne pour discuter avec des inconnus du monde entier, Omegle pourrait bien vous int\u00e9resser. Lanc\u00e9 en mars 2009, ce site web met en relation les utilisateurs de mani\u00e8re al\u00e9atoire par le biais d&rsquo;un chat vid\u00e9o ou textuel. Avec plus de 70 millions d&rsquo;utilisateurs actifs mensuels, Omegle est l&rsquo;un des sites de chat les plus populaires.<\/p>\n<p style=\"text-align: left;\">Dans cet article, nous allons vous pr\u00e9senter tout ce que vous devez savoir sur Omegle, y compris ses avantages, ses inconv\u00e9nients et ses conseils de s\u00e9curit\u00e9. C&rsquo;est parti !<\/p>\n<p>[\/et_pb_text][\/et_pb_column][\/et_pb_row][\/et_pb_section][et_pb_section fb_built=\u00a0\u00bb1&Prime; admin_label=\u00a0\u00bbProject Details Section\u00a0\u00bb _builder_version=\u00a0\u00bb4.16&Prime; _module_preset=\u00a0\u00bbdefault\u00a0\u00bb background_color=\u00a0\u00bb#ffffff\u00a0\u00bb background_enable_image=\u00a0\u00bboff\u00a0\u00bb background_position=\u00a0\u00bbbottom_center\u00a0\u00bb custom_padding=\u00a0\u00bb0px||90px||false|false\u00a0\u00bb locked=\u00a0\u00bboff\u00a0\u00bb global_colors_info=\u00a0\u00bb{}\u00a0\u00bb][et_pb_row admin_label=\u00a0\u00bbR\u00e9sum\u00e9 du projet\u00a0\u00bb _builder_version=\u00a0\u00bb4.16&Prime; _module_preset=\u00a0\u00bbdefault\u00a0\u00bb custom_padding=\u00a0\u00bb|||\u00a0\u00bb global_colors_info=\u00a0\u00bb{}\u00a0\u00bb][et_pb_column type=\u00a0\u00bb4_4&Prime; _builder_version=\u00a0\u00bb4.16&Prime; _module_preset=\u00a0\u00bbdefault\u00a0\u00bb custom_padding=\u00a0\u00bb|||\u00a0\u00bb global_colors_info=\u00a0\u00bb{}\u00a0\u00bb custom_padding__hover=\u00a0\u00bb|||\u00a0\u00bb][et_pb_text admin_label=\u00a0\u00bbTitle\u00a0\u00bb _builder_version=\u00a0\u00bb4.19.0&Prime; _module_preset=\u00a0\u00bbdefault\u00a0\u00bb text_font=\u00a0\u00bbPoppins||||||||\u00a0\u00bb text_font_size=\u00a0\u00bb16px\u00a0\u00bb text_line_height=\u00a0\u00bb1.8em\u00a0\u00bb ul_font=\u00a0\u00bb||||||||\u00a0\u00bb ol_font=\u00a0\u00bb||||||||\u00a0\u00bb header_font=\u00a0\u00bb||||||||\u00a0\u00bb header_text_align=\u00a0\u00bbleft\u00a0\u00bb header_2_font=\u00a0\u00bbPoppins|600|||||||\u00a0\u00bb header_2_text_align=\u00a0\u00bbleft\u00a0\u00bb header_2_font_size=\u00a0\u00bb36px\u00a0\u00bb header_2_line_height=\u00a0\u00bb1.4em\u00a0\u00bb max_width=\u00a0\u00bb997px\u00a0\u00bb custom_margin=\u00a0\u00bb||||false|false\u00a0\u00bb custom_padding=\u00a0\u00bb|0px||||\u00a0\u00bb animation_style=\u00a0\u00bbfold\u00a0\u00bb animation_direction=\u00a0\u00bbbottom\u00a0\u00bb animation_intensity_fold=\u00a0\u00bb10%\u00a0\u00bb animation_starting_opacity=\u00a0\u00bb100%\u00a0\u00bb header_2_font_size_tablet=\u00a0\u00bb30px\u00a0\u00bb header_2_font_size_phone=\u00a0\u00bb30px\u00a0\u00bb header_2_font_size_last_edited=\u00a0\u00bbon|phone\u00a0\u00bb custom_css_main_element=\u00a0\u00bbmargin:0 auto;\u00a0\u00bb global_colors_info=\u00a0\u00bb{}\u00a0\u00bb]<\/p>\n<h2 data-pm-slice=\"1 1 []\"><strong>Comment fonctionne Omegle ?<\/strong><\/h2>\n<p>Omegle est un site web qui vous met en contact avec des inconnus du monde entier pour discuter au hasard. Le concept est simple : lorsque vous visitez le site web, vous \u00eates mis en relation avec un utilisateur al\u00e9atoire qui peut appartenir \u00e0 n&rsquo;importe quel endroit, groupe d&rsquo;\u00e2ge ou milieu.<\/p>\n<p>Omegle propose deux modes de chat diff\u00e9rents : le chat textuel et le chat vid\u00e9o. En mode texte, les utilisateurs peuvent communiquer par le biais de messages dactylographi\u00e9s, tandis qu&rsquo;en mode vid\u00e9o, les utilisateurs peuvent avoir des conversations en face \u00e0 face par le biais de leur webcam.<\/p>\n<p>Pour commencer \u00e0 utiliser Omegle, il vous suffit de disposer d&rsquo;un appareil \u00e9quip\u00e9 d&rsquo;une cam\u00e9ra et d&rsquo;un microphone, d&rsquo;une connexion internet et d&rsquo;un navigateur web compatible. Lorsque vous entrez sur le site web, vous \u00eates invit\u00e9 \u00e0 s\u00e9lectionner un mode de discussion et \u00e0 autoriser l&rsquo;utilisation de votre cam\u00e9ra et de votre microphone. Une fois que vous avez fait cela, vous serez connect\u00e9 \u00e0 un utilisateur al\u00e9atoire.<\/p>\n<p>Il est important de noter qu&rsquo;Omegle ne demande pas aux utilisateurs de cr\u00e9er un compte ou de fournir des informations personnelles. Cela signifie que vous pouvez rester totalement anonyme tout au long du chat, et que la personne avec laquelle vous discutez ne saura rien de vous \u00e0 moins que vous ne le r\u00e9v\u00e9liez.<\/p>\n<p>Si le concept d&rsquo;Omegle est simple, l&rsquo;exp\u00e9rience de l&rsquo;utilisateur peut varier consid\u00e9rablement en fonction de la personne avec laquelle vous \u00eates jumel\u00e9. Certaines conversations peuvent \u00eatre passionnantes et agr\u00e9ables, tandis que d&rsquo;autres peuvent \u00eatre inappropri\u00e9es ou ennuyeuses. Il est important de s&rsquo;en souvenir et d&rsquo;\u00eatre pr\u00eat \u00e0 mettre fin \u00e0 la discussion si vous vous sentez mal \u00e0 l&rsquo;aise ou en danger.<\/p>\n<h2><strong>Avantages de l&rsquo;utilisation d&rsquo;Omegle<\/strong><\/h2>\n<p>Omegle offre des avantages significatifs pour l&rsquo;utilisation de la plateforme. Voici quelques-uns des principaux avantages d&rsquo;Omegle :<\/p>\n<p>1. Grande vari\u00e9t\u00e9 d&rsquo;utilisateurs : Omegle vous met en contact avec des personnes du monde entier. Vous aurez donc l&rsquo;occasion de discuter avec des personnes de cultures et de milieux diff\u00e9rents. C&rsquo;est un excellent moyen de d\u00e9couvrir des points de vue diff\u00e9rents et d&rsquo;entrer en contact avec des personnes que vous n&rsquo;auriez peut-\u00eatre pas eu l&rsquo;occasion de rencontrer autrement.<\/p>\n<p>2. Possibilit\u00e9 de rester anonyme : L&rsquo;un des plus grands attraits d&rsquo;Omegle est la possibilit\u00e9 de chatter de mani\u00e8re anonyme. Cela peut int\u00e9resser les personnes qui h\u00e9sitent \u00e0 partager des informations personnelles ou celles qui souhaitent avoir une discussion d\u00e9contract\u00e9e sans la pression d&rsquo;une relation \u00e0 long terme.<\/p>\n<p>3. Utilisation gratuite : L&rsquo;utilisation d&rsquo;Omegle est enti\u00e8rement gratuite et vous n&rsquo;avez pas besoin de cr\u00e9er un compte ou de payer quoi que ce soit pour commencer \u00e0 chatter. Il est donc accessible \u00e0 toute personne disposant d&rsquo;une connexion internet et d&rsquo;un appareil compatible.<\/p>\n<p>4. Bon pour la pratique des langues : Si vous apprenez une nouvelle langue, Omegle peut \u00eatre un excellent outil pour pratiquer vos comp\u00e9tences. Vous pouvez discuter avec des locuteurs natifs de votre langue cible et obtenir des commentaires en temps r\u00e9el sur votre prononciation et votre grammaire.<\/p>\n<p>5. Un excellent moyen de socialisation : si vous vous sentez seul ou si vous voulez rencontrer de nouvelles personnes, Omegle peut \u00eatre un excellent moyen de socialisation. On ne sait jamais qui on peut rencontrer ni quelles conversations int\u00e9ressantes on peut avoir. Et le plus beau, c&rsquo;est qu&rsquo;il y a toujours une possibilit\u00e9 d&rsquo;\u00eatre jumel\u00e9 au hasard avec des personnes ayant des int\u00e9r\u00eats communs et de se faire de nouveaux amis.<\/p>\n<p>Dans l&rsquo;ensemble, Omegle offre des avantages uniques qui valent la peine d&rsquo;\u00eatre pris en consid\u00e9ration pour certains types d&rsquo;utilisateurs.<\/p>\n<h2><strong>Les inconv\u00e9nients de l&rsquo;utilisation d&rsquo;Omegle<\/strong><\/h2>\n<p>Si l&rsquo;utilisation d&rsquo;Omegle pr\u00e9sente des avantages certains, elle pr\u00e9sente \u00e9galement des inconv\u00e9nients importants dont les utilisateurs doivent \u00eatre conscients. Voici quelques-uns des principaux inconv\u00e9nients de ce site de chat vid\u00e9o :<\/p>\n<p>1. Risque d&rsquo;\u00eatre confront\u00e9 \u00e0 des contenus inappropri\u00e9s : Comme Omegle permet aux utilisateurs de rester anonymes et ne surveille pas les chats, il existe un risque de tomber sur des contenus inappropri\u00e9s ou explicites. Il peut s&rsquo;agir de contenus romantiques, de discours haineux ou d&rsquo;autres contenus offensants.<\/p>\n<p>2. Contr\u00f4le limit\u00e9 sur la personne avec laquelle vous \u00eates mis en relation : Bien qu&rsquo;Omegle s&rsquo;efforce de mettre en relation des utilisateurs d&rsquo;\u00e2ge et de centres d&rsquo;int\u00e9r\u00eat similaires, rien ne garantit que vous serez mis en relation avec quelqu&rsquo;un avec qui vous aimerez chatter. En outre, comme l&rsquo;appariement est al\u00e9atoire, il existe un risque de rencontrer une personne abusive, harcelante ou autrement d\u00e9sagr\u00e9able.<\/p>\n<p>3. Fonctionnalit\u00e9s limit\u00e9es : Omegle est une plateforme relativement simple, dont les caract\u00e9ristiques sont limit\u00e9es au-del\u00e0 de la fonctionnalit\u00e9 de base du chat. Cela peut donner l&rsquo;impression d&rsquo;\u00eatre r\u00e9p\u00e9titif ou ennuyeux au bout d&rsquo;un certain temps, en particulier si vous recherchez quelque chose de plus engageant ou de plus interactif.<\/p>\n<p>4. Absence de mod\u00e9ration : Omegle ne dispose pas d&rsquo;un syst\u00e8me de mod\u00e9ration complet, ce qui signifie que les utilisateurs qui enfreignent les r\u00e8gles ou adoptent un comportement inappropri\u00e9 peuvent rester impunis. Cela peut contribuer \u00e0 une culture de n\u00e9gativit\u00e9 et de harc\u00e8lement sur la plateforme.<\/p>\n<p>5. Probl\u00e8mes techniques : Bien qu&rsquo;Omegle soit g\u00e9n\u00e9ralement une plateforme fiable, elle peut occasionnellement rencontrer des probl\u00e8mes techniques qui perturbent les chats ou causent des probl\u00e8mes de connectivit\u00e9.<\/p>\n<p>En r\u00e9sum\u00e9, si Omegle peut \u00eatre une plateforme amusante et excitante pour discuter avec des inconnus, elle a certainement des inconv\u00e9nients. Les utilisateurs doivent \u00eatre conscients des risques et des limites potentiels avant d&rsquo;utiliser la plateforme. Ils doivent prendre des mesures pour se prot\u00e9ger et \u00e9viter d&rsquo;entrer en contact avec des contenus ou des utilisateurs inappropri\u00e9s.<\/p>\n<h2><strong>Conseils de s\u00e9curit\u00e9 pour l&rsquo;utilisation d&rsquo;Omegle<\/strong><\/h2>\n<p>La protection de votre s\u00e9curit\u00e9 et de votre vie priv\u00e9e est essentielle si vous envisagez d&rsquo;utiliser Omegle. Voici quelques conseils essentiels \u00e0 garder \u00e0 l&rsquo;esprit :<\/p>\n<p>\u2022 Utilisez toujours un pseudonyme ou un surnom lorsque vous discutez avec des inconnus sur Omegle afin de prot\u00e9ger vos informations personnelles.<\/p>\n<p>\u2022 \u00c9vitez de communiquer des informations personnelles, telles que votre nom complet, votre adresse, votre num\u00e9ro de t\u00e9l\u00e9phone, votre adresse \u00e9lectronique, etc.<\/p>\n<p>\u2022 Si quelqu&rsquo;un vous demande des informations sensibles ou vous met mal \u00e0 l&rsquo;aise, signalez-le imm\u00e9diatement aux mod\u00e9rateurs et mettez fin \u00e0 la conversation.<\/p>\n<p>\u2022 \u00catre conscient des risques potentiels li\u00e9s \u00e0 l&rsquo;interaction avec des inconnus en ligne, y compris la cyberintimidation et les contenus inappropri\u00e9s.<\/p>\n<p>\u2022 Prenez le temps de lire les lignes directrices et les conditions d&rsquo;utilisation d&rsquo;Omegle avant d&rsquo;utiliser la plateforme afin de vous assurer que vous comprenez ses politiques.<\/p>\n<p>\u2022 Faites attention au langage et aux vid\u00e9os que vous publiez afin d&rsquo;\u00e9viter d&rsquo;offenser les autres utilisateurs ou d&rsquo;\u00eatre signal\u00e9 par le syst\u00e8me de mod\u00e9ration d&rsquo;Omegle.<\/p>\n<p>\u2022 Dans la mesure du possible, discutez avec des personnes originaires de pays dont les coutumes sociales et les lois sont similaires aux v\u00f4tres, afin d&rsquo;\u00e9viter les malentendus culturels.<\/p>\n<p>\u2022 Pour plus de s\u00e9curit\u00e9, utilisez un r\u00e9seau priv\u00e9 virtuel (VPN) lorsque vous vous connectez \u00e0 Omegle afin de masquer votre adresse IP et de pr\u00e9server votre anonymat en ligne.<\/p>\n<p>En suivant ces conseils de s\u00e9curit\u00e9, vous pouvez vous prot\u00e9ger lors de l&rsquo;utilisation d&rsquo;Omegle et faire en sorte que votre exp\u00e9rience sur la plateforme soit positive. N&rsquo;oubliez pas de toujours donner la priorit\u00e9 \u00e0 votre s\u00e9curit\u00e9 et \u00e0 votre vie priv\u00e9e, et n&rsquo;h\u00e9sitez jamais \u00e0 signaler un comportement ou un contenu inappropri\u00e9 aux mod\u00e9rateurs d&rsquo;Omegle.<\/p>\n<h2><strong>Conclusion : Le chat vid\u00e9o d&rsquo;Omegle en vaut-il la peine ?<\/strong><\/h2>\n<p>Dans l&rsquo;ensemble, le chat vid\u00e9o Omegle reste une plateforme populaire pour se connecter avec d&rsquo;autres personnes dans un cadre anonyme et amusant. Bien qu&rsquo;elle comporte certains risques potentiels, comme la possibilit\u00e9 de tomber sur des contenus ou des utilisateurs inappropri\u00e9s, de nombreuses personnes estiment que prendre les pr\u00e9cautions n\u00e9cessaires pour rester en s\u00e9curit\u00e9 sur la plateforme peut en valoir la peine au final. Les fonctionnalit\u00e9s uniques d&rsquo;Omegle Video Chat permettent d&rsquo;avoir des conversations plus intimes avec de parfaits inconnus en priv\u00e9. Cependant, supposons que vous recherchiez d&rsquo;autres fonctionnalit\u00e9s telles que la messagerie priv\u00e9e ou les chats de groupe. Dans ce cas, d&rsquo;autres sites et applications similaires peuvent \u00eatre mieux adapt\u00e9s \u00e0 vos besoins. En fin de compte, s&rsquo;il est utilis\u00e9 de mani\u00e8re responsable, Omegle peut \u00eatre une occasion fantastique de rencontrer de nouvelles personnes dans le monde entier et d&rsquo;avoir des conversations int\u00e9ressantes sans trop se d\u00e9voiler.<\/p>\n<h2><strong>Site web d&rsquo;Omegle : Foire aux questions<\/strong><\/h2>\n<h3><strong>Peut-on commencer \u00e0 discuter avec des inconnus au hasard ?<\/strong><\/h3>\n<p>Cela d\u00e9pend vraiment de votre niveau de confort. En g\u00e9n\u00e9ral, il n&rsquo;y a pas de mal \u00e0 discuter avec des inconnus sur Omegle. La plateforme de chat vid\u00e9o dispose de plusieurs fonctionnalit\u00e9s qui garantissent la s\u00e9curit\u00e9 lors des conversations avec des inconnus. Il permet aux utilisateurs de bloquer les messages non d\u00e9sir\u00e9s, de signaler les messages inappropri\u00e9s et de signaler toute activit\u00e9 suspecte. Cependant, il est \u00e9galement important de rappeler qu&rsquo;Omegle ne surveille pas toutes les conversations, et que les utilisateurs doivent donc rester vigilants et faire preuve de prudence lorsqu&rsquo;ils dialoguent avec des inconnus.<\/p>\n<h3><strong>Est-il facile de d\u00e9velopper une application comme Omegle ?<\/strong><\/h3>\n<p>Le d\u00e9veloppement d&rsquo;une application telle qu&rsquo;Omegle n\u00e9cessite beaucoup d&rsquo;expertise technique et de ressources. Il s&rsquo;agit de construire un syst\u00e8me de chat vid\u00e9o complexe, de mettre en \u0153uvre des mesures de s\u00e9curit\u00e9 et de garantir une exp\u00e9rience utilisateur fluide. Il s&rsquo;agit donc d&rsquo;une t\u00e2che difficile qui n\u00e9cessite une \u00e9quipe de d\u00e9veloppeurs comp\u00e9tents pour la mener \u00e0 bien.<\/p>\n<h3><strong>Quel site est meilleur qu&rsquo;Omegle ?<\/strong><\/h3>\n<p>Plusieurs sites sont consid\u00e9r\u00e9s comme de bons substituts \u00e0 Omegle, en fonction de ce que vous recherchez. Parmi les alternatives les plus populaires, citons <a href=\"https:\/\/chatfly.net\/fr\/callmechat\/\">CallMeChat<\/a>, Chatspin et Emerald Chat. Ces sites offrent des fonctionnalit\u00e9s similaires \u00e0 celles d&rsquo;Omegle, mais avec une meilleure mod\u00e9ration, moins de faux profils et une exp\u00e9rience utilisateur plus agr\u00e9able dans l&rsquo;ensemble. Toutefois, il est important de noter que ces sites pr\u00e9sentent \u00e9galement des inconv\u00e9nients et des risques potentiels.<\/p>\n<h3><strong>Omegle est-il sans danger pour les jeunes de 13 ans ?<\/strong><\/h3>\n<p>Non, Omegle n&rsquo;est pas s\u00fbr pour les enfants de 13 ans ou les mineurs. Omegle n&rsquo;a pas de proc\u00e9dure de v\u00e9rification de l&rsquo;\u00e2ge, et la plateforme est connue pour son contenu explicite et inappropri\u00e9, ainsi que pour ses dangers potentiels tels que les pr\u00e9dateurs et la cyberintimidation. Il est fortement recommand\u00e9 aux mineurs de ne pas utiliser Omegle ou toute autre plateforme de chat similaire sans la supervision de leurs parents.<\/p>\n<h3><strong>Pouvez-vous faire une capture d&rsquo;\u00e9cran sur Omegle ?<\/strong><\/h3>\n<p>Oui, vous pouvez faire une capture d&rsquo;\u00e9cran sur Omegle pendant une session de chat. Toutefois, il est essentiel de respecter la vie priv\u00e9e des autres utilisateurs et de ne pas partager ou diffuser leurs informations personnelles sans leur consentement. En outre, les conditions d&rsquo;utilisation d&rsquo;Omegle interdisent aux utilisateurs d&rsquo;enregistrer ou de partager des contenus ill\u00e9gaux, nuisibles ou violant les droits d&rsquo;autrui.<\/p>\n<h3><strong>Pourquoi Omegle me redirige-t-il toujours vers la page d&rsquo;accueil ?<\/strong><\/h3>\n<p>Si vous \u00eates constamment redirig\u00e9 vers la page d&rsquo;accueil d&rsquo;Omegle, cela peut \u00eatre d\u00fb \u00e0 un certain nombre de raisons. Tout d&rsquo;abord, il est possible que les cookies ou le cache de votre navigateur soient \u00e0 l&rsquo;origine du probl\u00e8me. Essayez d&rsquo;effacer l&rsquo;historique et le cache de votre navigateur, ou essayez d&rsquo;acc\u00e9der \u00e0 Omegle dans une fen\u00eatre de navigation priv\u00e9e. Il est \u00e9galement possible que vous ayez \u00e9t\u00e9 temporairement banni de la plateforme pour avoir enfreint ses conditions d&rsquo;utilisation. Dans ce cas, vous devrez peut-\u00eatre attendre que l&rsquo;interdiction soit lev\u00e9e ou contacter l&rsquo;\u00e9quipe d&rsquo;assistance d&rsquo;Omegle pour obtenir de l&rsquo;aide. Enfin, il se peut qu&rsquo;il y ait un probl\u00e8me technique avec le site Omegle lui-m\u00eame. Si aucune des solutions ci-dessus ne fonctionne, il se peut que vous deviez attendre et essayer d&rsquo;acc\u00e9der au site \u00e0 un moment ult\u00e9rieur.<\/p>\n<h3><strong>Quelles sont les r\u00e8gles du chat vid\u00e9o entre filles sur Omegle ?<\/strong><\/h3>\n<p><span>Omegle a \u00e9tabli certaines lignes directrices que les utilisateurs doivent respecter lorsqu&rsquo;ils utilisent les services de la plateforme, y compris le chat <a href=\"https:\/\/chatfly.net\/fr\/\">vid\u00e9o entre filles.<\/a> Les utilisateurs doivent s&rsquo;abstenir d&rsquo;adopter un comportement et un langage inappropri\u00e9s, de partager des contenus explicites ou de s&rsquo;engager dans des activit\u00e9s ill\u00e9gales. La violation de ces lignes directrices peut entra\u00eener la suspension du compte ou m\u00eame des cons\u00e9quences juridiques.<\/span><\/p>\n<p>[\/et_pb_text][\/et_pb_column][\/et_pb_row][\/et_pb_section]<\/p>","protected":false},"excerpt":{"rendered":"<p>Omegle Si vous \u00eates \u00e0 la recherche d&rsquo;une plateforme en ligne pour discuter avec des inconnus du monde entier, Omegle pourrait bien vous int\u00e9resser. Lanc\u00e9 en mars 2009, ce site web met en relation les utilisateurs de mani\u00e8re al\u00e9atoire par le biais d&rsquo;un chat vid\u00e9o ou textuel. Avec plus de 70 millions d&rsquo;utilisateurs actifs mensuels, [&hellip;]<\/p>","protected":false},"author":2,"featured_media":0,"parent":0,"menu_order":0,"comment_status":"closed","ping_status":"closed","template":"","meta":{"_et_pb_use_builder":"on","_et_pb_old_content":"","_et_gb_content_width":"","om_disable_all_campaigns":false,"footnotes":""},"class_list":["post-6982","page","type-page","status-publish","hentry"],"_links":{"self":[{"href":"https:\/\/chatfly.net\/fr\/wp-json\/wp\/v2\/pages\/6982","targetHints":{"allow":["GET"]}}],"collection":[{"href":"https:\/\/chatfly.net\/fr\/wp-json\/wp\/v2\/pages"}],"about":[{"href":"https:\/\/chatfly.net\/fr\/wp-json\/wp\/v2\/types\/page"}],"author":[{"embeddable":true,"href":"https:\/\/chatfly.net\/fr\/wp-json\/wp\/v2\/users\/2"}],"replies":[{"embeddable":true,"href":"https:\/\/chatfly.net\/fr\/wp-json\/wp\/v2\/comments?post=6982"}],"version-history":[{"count":0,"href":"https:\/\/chatfly.net\/fr\/wp-json\/wp\/v2\/pages\/6982\/revisions"}],"wp:attachment":[{"href":"https:\/\/chatfly.net\/fr\/wp-json\/wp\/v2\/media?parent=6982"}],"curies":[{"name":"wp","href":"https:\/\/api.w.org\/{rel}","templated":true}]}}