{"id":6976,"date":"2023-04-01T15:14:43","date_gmt":"2023-04-01T20:14:43","guid":{"rendered":"https:\/\/chatfly.net\/livetolives\/"},"modified":"2023-06-27T15:19:35","modified_gmt":"2023-06-27T20:19:35","slug":"livetolives","status":"publish","type":"page","link":"https:\/\/chatfly.net\/fr\/livetolives\/","title":{"rendered":"LiveToLives"},"content":{"rendered":"<p>[et_pb_section fb_built=\u00a0\u00bb1&Prime; custom_padding_last_edited=\u00a0\u00bbon|desktop\u00a0\u00bb admin_label=\u00a0\u00bbPage Title Section\u00a0\u00bb _builder_version=\u00a0\u00bb4.16&Prime; _module_preset=\u00a0\u00bbdefault\u00a0\u00bb use_background_color_gradient=\u00a0\u00bbon\u00a0\u00bb background_color_gradient_direction=\u00a0\u00bb120deg\u00a0\u00bb background_color_gradient_stops=\u00a0\u00bb#8d42de 0%|#000dff 100%\u00a0\u00bb background_color_gradient_start=\u00a0\u00bb#8d42de\u00a0\u00bb background_color_gradient_end=\u00a0\u00bb#000dff\u00a0\u00bb background_image=\u00a0\u00bbhttps:\/\/chatfly.net\/wp-content\/uploads\/2020\/11\/section-bg-hero2.png\u00a0\u00bb custom_padding=\u00a0\u00bb100px||60px|\u00a0\u00bb custom_padding_tablet=\u00a0\u00bb40px||0px||false|false\u00a0\u00bb custom_padding_phone=\u00a0\u00bb30px||||false|false\u00a0\u00bb box_shadow_style=\u00a0\u00bbpreset7&Prime; box_shadow_horizontal=\u00a0\u00bb0px\u00a0\u00bb box_shadow_color=\u00a0\u00bb#ffffff\u00a0\u00bb global_colors_info=\u00a0\u00bb{}\u00a0\u00bb][et_pb_row custom_padding_last_edited=\u00a0\u00bbon|phone\u00a0\u00bb admin_label=\u00a0\u00bbPage Title Area\u00a0\u00bb _builder_version=\u00a0\u00bb4.16&Prime; _module_preset=\u00a0\u00bbdefault\u00a0\u00bb background_size=\u00a0\u00bbinitial\u00a0\u00bb background_position=\u00a0\u00bbtop_left\u00a0\u00bb background_repeat=\u00a0\u00bbrepeat\u00a0\u00bb width_tablet=\u00a0\u00bb\u00a0\u00bb width_phone=\u00a0\u00bb100%\u00a0\u00bb width_last_edited=\u00a0\u00bbon|phone\u00a0\u00bb custom_margin=\u00a0\u00bb-32px|auto||auto||\u00a0\u00bb custom_padding_tablet=\u00a0\u00bb\u00a0\u00bb custom_padding_phone=\u00a0\u00bb0px||0px||true|false\u00a0\u00bb global_colors_info=\u00a0\u00bb{}\u00a0\u00bb][et_pb_column type=\u00a0\u00bb4_4&Prime; _builder_version=\u00a0\u00bb4.16&Prime; _module_preset=\u00a0\u00bbdefault\u00a0\u00bb custom_padding=\u00a0\u00bb|||\u00a0\u00bb global_colors_info=\u00a0\u00bb{}\u00a0\u00bb custom_padding__hover=\u00a0\u00bb|||\u00a0\u00bb][et_pb_code disabled_on=\u00a0\u00bbon|on|on\u00a0\u00bb _builder_version=\u00a0\u00bb4.16&Prime; _module_preset=\u00a0\u00bbdefault\u00a0\u00bb custom_margin_tablet=\u00a0\u00bb\u00a0\u00bb custom_margin_phone=\u00a0\u00bb||0px||false|false\u00a0\u00bb custom_margin_last_edited=\u00a0\u00bbon|phone\u00a0\u00bb disabled=\u00a0\u00bbon\u00a0\u00bb global_colors_info=\u00a0\u00bb{}\u00a0\u00bb]<!-- [et_pb_line_break_holder] --><center><\/p>\n<div id=\"coomeet_container\" style=\"width:800px; height:650px\"><!-- [et_pb_line_break_holder] -->\t<script type=\"text\/javascript\"><!-- [et_pb_line_break_holder] -->\t\tvar _coomeet = [];<!-- [et_pb_line_break_holder] -->\t\t_coomeet['PartnerId'] = 15838965372563;<!-- [et_pb_line_break_holder] -->\t\t(function() {<!-- [et_pb_line_break_holder] -->\t\t\tvar coomeet = document.createElement('script'); coomeet.type = 'text\/javascript'; coomeet.async = true;<!-- [et_pb_line_break_holder] -->\t\t\tcoomeet.src = 'https:\/\/i.coomeet.com\/js\/code.js';<!-- [et_pb_line_break_holder] -->\t\t\tvar s = document.getElementsByTagName('script')[0]; s.parentNode.insertBefore(coomeet, s);<!-- [et_pb_line_break_holder] -->\t\t})();<!-- [et_pb_line_break_holder] -->\t<\/script><!-- [et_pb_line_break_holder] --><\/div>\n<p><\/center>[\/et_pb_code][et_pb_code _builder_version=\u00a0\u00bb4.16&Prime; _module_preset=\u00a0\u00bbdefault\u00a0\u00bb custom_margin_tablet=\u00a0\u00bb\u00a0\u00bb custom_margin_phone=\u00a0\u00bb||0px||false|false\u00a0\u00bb custom_margin_last_edited=\u00a0\u00bbon|phone\u00a0\u00bb custom_padding=\u00a0\u00bb||37px|||\u00a0\u00bb global_colors_info=\u00a0\u00bb{}\u00a0\u00bb]<!-- [et_pb_line_break_holder] --><center><\/p>\n<div id=\"coomeet_container\" style=\"width:800px; height:650px\"><!-- [et_pb_line_break_holder] -->\t<script type=\"text\/javascript\"><!-- [et_pb_line_break_holder] -->\t\tvar _coomeet = [];<!-- [et_pb_line_break_holder] -->\t\t_coomeet['PartnerId'] = 15838965372563;<!-- [et_pb_line_break_holder] -->\t\t_coomeet['ChannelName'] = 'videochatgirls';<!-- [et_pb_line_break_holder] -->\t\t(function() {<!-- [et_pb_line_break_holder] -->\t\t\tvar coomeet = document.createElement('script'); coomeet.type = 'text\/javascript'; coomeet.async = true;<!-- [et_pb_line_break_holder] -->\t\t\tcoomeet.src = 'https:\/\/iframe.coomeet.me\/js\/code.js';<!-- [et_pb_line_break_holder] -->\t\t\tvar s = document.getElementsByTagName('script')[0]; s.parentNode.insertBefore(coomeet, s);<!-- [et_pb_line_break_holder] -->\t\t})();<!-- [et_pb_line_break_holder] -->\t<\/script><!-- [et_pb_line_break_holder] --><\/div>\n<p><\/center>[\/et_pb_code][\/et_pb_column][\/et_pb_row][et_pb_row custom_padding_last_edited=\u00a0\u00bbon|phone\u00a0\u00bb admin_label=\u00a0\u00bbPage Title Area\u00a0\u00bb _builder_version=\u00a0\u00bb4.16&Prime; _module_preset=\u00a0\u00bbdefault\u00a0\u00bb background_size=\u00a0\u00bbinitial\u00a0\u00bb background_position=\u00a0\u00bbtop_left\u00a0\u00bb background_repeat=\u00a0\u00bbrepeat\u00a0\u00bb width_tablet=\u00a0\u00bb\u00a0\u00bb width_phone=\u00a0\u00bb100%\u00a0\u00bb width_last_edited=\u00a0\u00bbon|phone\u00a0\u00bb custom_margin=\u00a0\u00bb20px|auto||auto||\u00a0\u00bb custom_padding_tablet=\u00a0\u00bb\u00a0\u00bb custom_padding_phone=\u00a0\u00bb0px||0px||true|false\u00a0\u00bb global_colors_info=\u00a0\u00bb{}\u00a0\u00bb][et_pb_column type=\u00a0\u00bb4_4&Prime; _builder_version=\u00a0\u00bb4.16&Prime; _module_preset=\u00a0\u00bbdefault\u00a0\u00bb custom_padding=\u00a0\u00bb|||\u00a0\u00bb global_colors_info=\u00a0\u00bb{}\u00a0\u00bb custom_padding__hover=\u00a0\u00bb|||\u00a0\u00bb][et_pb_text admin_label=\u00a0\u00bbTitle\u00a0\u00bb _builder_version=\u00a0\u00bb4.19.0&Prime; _module_preset=\u00a0\u00bbdefault\u00a0\u00bb text_font=\u00a0\u00bbPoppins||||||||\u00a0\u00bb text_font_size=\u00a0\u00bb18px\u00a0\u00bb text_line_height=\u00a0\u00bb1.8em\u00a0\u00bb link_text_color=\u00a0\u00bb#ffffff\u00a0\u00bb header_font=\u00a0\u00bbPoppins|600|||||||\u00a0\u00bb header_font_size=\u00a0\u00bb48px\u00a0\u00bb header_line_height=\u00a0\u00bb1.4em\u00a0\u00bb header_2_font=\u00a0\u00bb||||||||\u00a0\u00bb text_orientation=\u00a0\u00bbcenter\u00a0\u00bb background_layout=\u00a0\u00bbdark\u00a0\u00bb max_width=\u00a0\u00bb1000px\u00a0\u00bb max_width_tablet=\u00a0\u00bb\u00a0\u00bb max_width_phone=\u00a0\u00bb90%\u00a0\u00bb max_width_last_edited=\u00a0\u00bbon|phone\u00a0\u00bb module_alignment=\u00a0\u00bbcenter\u00a0\u00bb custom_margin=\u00a0\u00bb29px|409px||||\u00a0\u00bb custom_padding=\u00a0\u00bb|0px||0px||\u00a0\u00bb animation_style=\u00a0\u00bbfade\u00a0\u00bb hover_enabled=\u00a0\u00bb0&Prime; header_font_size_tablet=\u00a0\u00bb40px\u00a0\u00bb header_font_size_phone=\u00a0\u00bb32px\u00a0\u00bb header_font_size_last_edited=\u00a0\u00bbon|phone\u00a0\u00bb global_colors_info=\u00a0\u00bb{}\u00a0\u00bb sticky_enabled=\u00a0\u00bb0&Prime;]<\/p>\n<h1 data-pm-slice=\"1 1 []\"><strong>Livetolives<\/strong><\/h1>\n<p style=\"text-align: left;\">LiveToLives est un r\u00e9seau social de chat vid\u00e9o al\u00e9atoire qui vous permet, ainsi qu&rsquo;aux personnes invit\u00e9es, d&rsquo;afficher plusieurs \u00e9crans simultan\u00e9ment, ce qui permet \u00e0 quatre utilisateurs de participer \u00e0 un appel vid\u00e9o. Il s&rsquo;agit d&rsquo;un moyen amusant et r\u00e9volutionnaire de mettre en relation des personnes du monde entier et de cr\u00e9er des conversations int\u00e9ressantes.<\/p>\n<p>La plateforme en ligne est con\u00e7ue pour \u00eatre conviviale et intuitive. Elle permet de s&rsquo;amuser et de trouver facilement des personnes qui partagent les m\u00eames centres d&rsquo;int\u00e9r\u00eat que vous, y compris la possibilit\u00e9 <a href=\"https:\/\/chatfly.net\/fr\/\">de chatter avec des filles.<\/a> Vous pouvez vous connecter \u00e0 huit personnes au cours d&rsquo;un appel vid\u00e9o et leur permettre de participer \u00e0 une discussion anim\u00e9e.<\/p>\n<p>En outre, l&rsquo;application offre des fonctionnalit\u00e9s telles que le chat vid\u00e9o al\u00e9atoire, le chat textuel, la prise en charge de la musique de fond et la possibilit\u00e9 d&rsquo;enregistrer des conversations. Ces caract\u00e9ristiques, combin\u00e9es \u00e0 la possibilit\u00e9 de chatter avec des filles, font de la plateforme un excellent choix pour ceux qui recherchent une exp\u00e9rience de chat en ligne unique et attrayante.<\/p>\n<p>[\/et_pb_text][\/et_pb_column][\/et_pb_row][\/et_pb_section][et_pb_section fb_built=\u00a0\u00bb1&Prime; _builder_version=\u00a0\u00bb4.17.3&Prime; _module_preset=\u00a0\u00bbdefault\u00a0\u00bb background_color=\u00a0\u00bb#eaeaea\u00a0\u00bb custom_padding=\u00a0\u00bb2px|||||\u00a0\u00bb locked=\u00a0\u00bboff\u00a0\u00bb global_colors_info=\u00a0\u00bb{}\u00a0\u00bb][et_pb_row _builder_version=\u00a0\u00bb4.17.3&Prime; _module_preset=\u00a0\u00bbdefault\u00a0\u00bb global_colors_info=\u00a0\u00bb{}\u00a0\u00bb][et_pb_column type=\u00a0\u00bb4_4&Prime; _builder_version=\u00a0\u00bb4.17.3&Prime; _module_preset=\u00a0\u00bbdefault\u00a0\u00bb global_colors_info=\u00a0\u00bb{}\u00a0\u00bb][et_pb_text _builder_version=\u00a0\u00bb4.19.0&Prime; _module_preset=\u00a0\u00bbdefault\u00a0\u00bb text_font=\u00a0\u00bbPoppins|500|||||||\u00a0\u00bb text_font_size=\u00a0\u00bb18px\u00a0\u00bb text_line_height=\u00a0\u00bb32px\u00a0\u00bb width=\u00a0\u00bb100%\u00a0\u00bb global_colors_info=\u00a0\u00bb{}\u00a0\u00bb]<\/p>\n<h2 data-pm-slice=\"1 1 []\"><strong>Caract\u00e9ristiques de Livetolives<\/strong><\/h2>\n<p>Voici quelques-unes de ses caract\u00e9ristiques :<\/p>\n<p><strong>1. Communication en temps r\u00e9el :<\/strong> Le site permet des discussions instantan\u00e9es pour une communication en temps r\u00e9el avec les amis et la famille. Cette fonction permet aux membres d&rsquo;envoyer et de recevoir des messages instantan\u00e9ment, offrant ainsi une plateforme de communication rapide et facile.<\/p>\n<p><strong>2. Se faire de nouveaux amis :<\/strong> Livetolives offre \u00e9galement une plateforme pour se faire de nouveaux amis gr\u00e2ce \u00e0 sa fonction de chat. Les \u00e9trangers peuvent entrer en contact avec d&rsquo;autres personnes partageant les m\u00eames int\u00e9r\u00eats et engager des conversations, ce qui leur donne l&rsquo;occasion de nouer de nouvelles amiti\u00e9s.<\/p>\n<p><strong>3. Rencontrer de nouvelles personnes :<\/strong> Il permet de discuter par vid\u00e9o en ligne avec des inconnus, ce qui donne l&rsquo;occasion de faire de nouvelles rencontres. Les gens se connectent \u00e0 d&rsquo;autres personnes dans le monde entier et engagent des conversations, ce qui constitue une plateforme d&rsquo;interaction sociale.<\/p>\n<p><strong>4. Connexion avec les amis:<\/strong> Livetolives offre \u00e9galement une plateforme pour se connecter avec ses amis et sa famille gr\u00e2ce \u00e0 ses fonctions de chat vid\u00e9o en direct. Les gens peuvent s&rsquo;engager dans des conversations en face \u00e0 face avec leurs proches, ce qui constitue une forme de communication plus personnelle et plus intime.<\/p>\n<p><strong>5. Transition transparente entre les cam\u00e9ras :<\/strong> Il permet une transition transparente entre les cam\u00e9ras lors d&rsquo;un appel vid\u00e9o. Cette fonction permet aux chatteurs de passer d&rsquo;une vue de cam\u00e9ra \u00e0 l&rsquo;autre sans interruption ni d\u00e9lai, ce qui offre une exp\u00e9rience de chat vid\u00e9o fluide et transparente.<\/p>\n<p><strong>6. Am\u00e9lioration de l&rsquo;exp\u00e9rience de chat vid\u00e9o de groupe :<\/strong> Livetolives chat offre une exp\u00e9rience de chat vid\u00e9o de groupe am\u00e9lior\u00e9e gr\u00e2ce \u00e0 sa fonction de commutation multi-cam\u00e9ras. Les utilisateurs peuvent voir plusieurs \u00e9crans simultan\u00e9ment, cr\u00e9ant ainsi une exp\u00e9rience de chat vid\u00e9o de groupe plus immersive et attrayante.<\/p>\n<h2><strong>Points de vente uniques de Livetolives<\/strong><\/h2>\n<p>Livetolives poss\u00e8de plusieurs atouts uniques qui en font un excellent choix pour les personnes \u00e0 la recherche d&rsquo;un site de r\u00e9seau social interactif.<\/p>\n<p>L&rsquo;une des fonctions les plus impressionnantes est le chat vid\u00e9o c\u00f4te \u00e0 c\u00f4te, qui permet \u00e0 un maximum de quatre personnes de regarder plusieurs \u00e9crans simultan\u00e9ment pour une meilleure exp\u00e9rience d&rsquo;interaction sociale. Cette fonction contribue \u00e0 cr\u00e9er un sentiment d&rsquo;appartenance, favorisant les conversations de groupe et les interactions positives.<\/p>\n<p>Livetolives propose \u00e9galement une fonction unique de chat hack minutes qui encourage l&rsquo;interaction et la conversation entre les utilisateurs. Cette fonction innovante apporte un \u00e9l\u00e9ment de surprise aux conversations en envoyant des messages al\u00e9atoires aux personnes qui les regardent pendant qu&rsquo;elles discutent entre elles, ajoutant ainsi du piquant aux conversations et favorisant des connexions significatives.<\/p>\n<h2><strong>D\u00e9marrer avec Livetolives<\/strong><\/h2>\n<p>Livetolives a fait en sorte qu&rsquo;il soit facile de s&rsquo;inscrire sur le site et de commencer \u00e0 socialiser et \u00e0 se connecter avec d&rsquo;autres personnes. Voici une br\u00e8ve description de la proc\u00e9dure d&rsquo;inscription, de l&rsquo;inscription, de l&rsquo;ajout de nouveaux amis et de la cr\u00e9ation de salles.<\/p>\n<ul>\n<li><strong>Processus d&rsquo;inscription simple :<\/strong> L&rsquo;interface est facile \u00e0 utiliser et permet d&rsquo;acc\u00e9der rapidement au chat vid\u00e9o et \u00e0 d&rsquo;autres fonctions. Il suffit de s&rsquo;inscrire avec son adresse e-mail ou son num\u00e9ro de t\u00e9l\u00e9phone pour rejoindre Livetolives et commencer \u00e0 chatter imm\u00e9diatement.<\/li>\n<\/ul>\n<ul>\n<li><strong>Ajouter de nouveaux amis :<\/strong> Lorsque vous \u00eates pr\u00eat \u00e0 cr\u00e9er votre cercle social, Livetolives facilite l&rsquo;ajout de nouveaux amis. Vous pouvez rechercher des connexions potentielles \u00e0 l&rsquo;aide de mots-cl\u00e9s ou de centres d&rsquo;int\u00e9r\u00eat.<\/li>\n<\/ul>\n<ul>\n<li><strong>Cr\u00e9er des pi\u00e8ces :<\/strong> Lorsque vous vous sentez cr\u00e9atif et que vous ne savez pas par o\u00f9 commencer, vous pouvez cr\u00e9er vos pi\u00e8ces avec Livetolives. Vous pouvez personnaliser ces espaces de discussion en fonction de vos pr\u00e9f\u00e9rences et en faire une exp\u00e9rience sur mesure pour tout le monde.<\/li>\n<\/ul>\n<ul>\n<li><strong>Livetolives en tant que r\u00e9seau social :<\/strong> Livetolives permet \u00e9galement aux utilisateurs de partager des photos et des m\u00e9dias, d&rsquo;inviter de nouveaux membres et de documenter leurs exp\u00e9riences avec leurs amis. Cela permet non seulement d&rsquo;am\u00e9liorer les connexions, mais aussi de favoriser des interactions inclusives et diversifi\u00e9es. C&rsquo;est un excellent moyen de rompre avec les angoisses sociales, de nouer de nouvelles amiti\u00e9s et de cr\u00e9er des souvenirs durables.<\/li>\n<\/ul>\n<h3><strong>Comparaison de Livetolives avec d&rsquo;autres plateformes<\/strong><\/h3>\n<p>Livetolives est un logiciel facile \u00e0 utiliser qui vous permet de passer d&rsquo;une cam\u00e9ra \u00e0 l&rsquo;autre avec un flux infini d&rsquo;inconnus pr\u00eats \u00e0 discuter et \u00e0 s&rsquo;amuser. C&rsquo;est comme la bonne vieille Chatroulette, mais en mieux. Livetolives offre 100% d&rsquo;anonymat, de fiabilit\u00e9 et de vitesse.<\/p>\n<p>Vous pouvez rencontrer et discuter avec des milliers d&rsquo;utilisateurs dans le monde entier, 24 heures sur 24, sept jours sur sept. Livetolives vous permet de rejoindre et de cr\u00e9er de nouveaux chats, de rester en contact avec vos amis et de participer \u00e0 des chats vid\u00e9o de groupe avec plusieurs participants.<\/p>\n<p>Compar\u00e9 \u00e0 d&rsquo;autres plateformes de chat vid\u00e9o telles que Skype, Facetime et Zoom, le chat vid\u00e9o de Livetolives est plus interactif, permettant aux utilisateurs de profiter de conversations en temps r\u00e9el sans se soucier des interruptions ou des retards. C&rsquo;est \u00e9galement la seule plateforme qui offre un changement de cam\u00e9ra multiple et des minutes de conversations amusantes et surprenantes.<\/p>\n<h2><strong>Assurer la s\u00e9curit\u00e9 et la confidentialit\u00e9 sur Livetolives<\/strong><\/h2>\n<p>En mati\u00e8re de s\u00e9curit\u00e9 et de protection de la vie priv\u00e9e en ligne, de nombreuses personnes sont pr\u00e9occup\u00e9es par le risque d&rsquo;\u00eatre expos\u00e9es \u00e0 des contenus malveillants ou inappropri\u00e9s sur des sites.<\/p>\n<p>A ce titre, Livetolives a mis en place diverses mesures pour garantir un environnement s\u00fbr et positif aux utilisateurs. Gr\u00e2ce \u00e0 la mod\u00e9ration vid\u00e9o et au filtrage du contenu, les utilisateurs peuvent \u00eatre prot\u00e9g\u00e9s des menaces potentielles en ligne.<\/p>\n<p>De plus, aucun t\u00e9l\u00e9chargement ou enregistrement n&rsquo;est n\u00e9cessaire pour t\u00e9l\u00e9charger ou utiliser Livetolives, et la vie priv\u00e9e de l&rsquo;utilisateur est toujours pr\u00e9serv\u00e9e. Cela garantit une protection compl\u00e8te des donn\u00e9es des utilisateurs et de leurs informations personnelles, assurant une exp\u00e9rience s\u00fbre et pratique que seuls les gens ont sur la plateforme.<\/p>\n<h2><strong>Conclusion<\/strong><\/h2>\n<p>Livetolives est une plateforme innovante qui rassemble des personnes du monde entier partageant les m\u00eames int\u00e9r\u00eats et passions. Il offre aux utilisateurs une exp\u00e9rience interactive en temps r\u00e9el qui leur permet de discuter avec des filles, de rencontrer des amis et d&rsquo;\u00eatre en contact avec le monde et les personnes qui les entourent, et de nouer des liens significatifs.<\/p>\n<p>La plateforme gratuite Livetolives prend \u00e9galement au s\u00e9rieux la s\u00e9curit\u00e9 et la confidentialit\u00e9 des utilisateurs, en proposant des mesures de mod\u00e9ration vid\u00e9o et de filtrage du contenu afin de promouvoir un environnement s\u00fbr et positif. Alors, que vous cherchiez \u00e0 discuter avec des filles ou \u00e0 nouer de nouvelles amiti\u00e9s en ligne, ou que vous souhaitiez entrer en contact avec des personnes \u00e0 l&rsquo;\u00e9tranger, Livetolives est la plateforme de webcams id\u00e9ale.<\/p>\n<p>[\/et_pb_text][\/et_pb_column][\/et_pb_row][\/et_pb_section]<\/p>","protected":false},"excerpt":{"rendered":"<p>Livetolives LiveToLives est un r\u00e9seau social de chat vid\u00e9o al\u00e9atoire qui vous permet, ainsi qu&rsquo;aux personnes invit\u00e9es, d&rsquo;afficher plusieurs \u00e9crans simultan\u00e9ment, ce qui permet \u00e0 quatre utilisateurs de participer \u00e0 un appel vid\u00e9o. Il s&rsquo;agit d&rsquo;un moyen amusant et r\u00e9volutionnaire de mettre en relation des personnes du monde entier et de cr\u00e9er des conversations int\u00e9ressantes. [&hellip;]<\/p>","protected":false},"author":2,"featured_media":0,"parent":0,"menu_order":0,"comment_status":"closed","ping_status":"closed","template":"","meta":{"_et_pb_use_builder":"on","_et_pb_old_content":"","_et_gb_content_width":"","om_disable_all_campaigns":false,"footnotes":""},"class_list":["post-6976","page","type-page","status-publish","hentry"],"_links":{"self":[{"href":"https:\/\/chatfly.net\/fr\/wp-json\/wp\/v2\/pages\/6976","targetHints":{"allow":["GET"]}}],"collection":[{"href":"https:\/\/chatfly.net\/fr\/wp-json\/wp\/v2\/pages"}],"about":[{"href":"https:\/\/chatfly.net\/fr\/wp-json\/wp\/v2\/types\/page"}],"author":[{"embeddable":true,"href":"https:\/\/chatfly.net\/fr\/wp-json\/wp\/v2\/users\/2"}],"replies":[{"embeddable":true,"href":"https:\/\/chatfly.net\/fr\/wp-json\/wp\/v2\/comments?post=6976"}],"version-history":[{"count":0,"href":"https:\/\/chatfly.net\/fr\/wp-json\/wp\/v2\/pages\/6976\/revisions"}],"wp:attachment":[{"href":"https:\/\/chatfly.net\/fr\/wp-json\/wp\/v2\/media?parent=6976"}],"curies":[{"name":"wp","href":"https:\/\/api.w.org\/{rel}","templated":true}]}}