{"id":6970,"date":"2023-04-01T06:20:52","date_gmt":"2023-04-01T11:20:52","guid":{"rendered":"https:\/\/chatfly.net\/flirtbees\/"},"modified":"2023-06-26T16:20:54","modified_gmt":"2023-06-26T21:20:54","slug":"flirtbees","status":"publish","type":"page","link":"https:\/\/chatfly.net\/fr\/flirtbees\/","title":{"rendered":"Flirtbees"},"content":{"rendered":"<p>[et_pb_section fb_built=\u00a0\u00bb1&Prime; custom_padding_last_edited=\u00a0\u00bbon|desktop\u00a0\u00bb admin_label=\u00a0\u00bbPage Title Section\u00a0\u00bb _builder_version=\u00a0\u00bb4.16&Prime; _module_preset=\u00a0\u00bbdefault\u00a0\u00bb use_background_color_gradient=\u00a0\u00bbon\u00a0\u00bb background_color_gradient_direction=\u00a0\u00bb120deg\u00a0\u00bb background_color_gradient_stops=\u00a0\u00bb#8d42de 0%|#000dff 100%\u00a0\u00bb background_color_gradient_start=\u00a0\u00bb#8d42de\u00a0\u00bb background_color_gradient_end=\u00a0\u00bb#000dff\u00a0\u00bb background_image=\u00a0\u00bbhttps:\/\/chatfly.net\/wp-content\/uploads\/2020\/11\/section-bg-hero2.png\u00a0\u00bb custom_padding=\u00a0\u00bb100px||60px|\u00a0\u00bb custom_padding_tablet=\u00a0\u00bb40px||0px||false|false\u00a0\u00bb custom_padding_phone=\u00a0\u00bb30px||||false|false\u00a0\u00bb box_shadow_style=\u00a0\u00bbpreset7&Prime; box_shadow_horizontal=\u00a0\u00bb0px\u00a0\u00bb box_shadow_color=\u00a0\u00bb#ffffff\u00a0\u00bb global_colors_info=\u00a0\u00bb{}\u00a0\u00bb][et_pb_row custom_padding_last_edited=\u00a0\u00bbon|phone\u00a0\u00bb admin_label=\u00a0\u00bbPage Title Area\u00a0\u00bb _builder_version=\u00a0\u00bb4.16&Prime; _module_preset=\u00a0\u00bbdefault\u00a0\u00bb background_size=\u00a0\u00bbinitial\u00a0\u00bb background_position=\u00a0\u00bbtop_left\u00a0\u00bb background_repeat=\u00a0\u00bbrepeat\u00a0\u00bb width_tablet=\u00a0\u00bb\u00a0\u00bb width_phone=\u00a0\u00bb100%\u00a0\u00bb width_last_edited=\u00a0\u00bbon|phone\u00a0\u00bb custom_margin=\u00a0\u00bb-32px|auto||auto||\u00a0\u00bb custom_padding_tablet=\u00a0\u00bb\u00a0\u00bb custom_padding_phone=\u00a0\u00bb0px||0px||true|false\u00a0\u00bb global_colors_info=\u00a0\u00bb{}\u00a0\u00bb][et_pb_column type=\u00a0\u00bb4_4&Prime; _builder_version=\u00a0\u00bb4.16&Prime; _module_preset=\u00a0\u00bbdefault\u00a0\u00bb custom_padding=\u00a0\u00bb|||\u00a0\u00bb global_colors_info=\u00a0\u00bb{}\u00a0\u00bb custom_padding__hover=\u00a0\u00bb|||\u00a0\u00bb][et_pb_code disabled_on=\u00a0\u00bbon|on|on\u00a0\u00bb _builder_version=\u00a0\u00bb4.16&Prime; _module_preset=\u00a0\u00bbdefault\u00a0\u00bb custom_margin_tablet=\u00a0\u00bb\u00a0\u00bb custom_margin_phone=\u00a0\u00bb||0px||false|false\u00a0\u00bb custom_margin_last_edited=\u00a0\u00bbon|phone\u00a0\u00bb disabled=\u00a0\u00bbon\u00a0\u00bb global_colors_info=\u00a0\u00bb{}\u00a0\u00bb]<!-- [et_pb_line_break_holder] --><center><\/p>\n<div id=\"coomeet_container\" style=\"width:800px; height:650px\"><!-- [et_pb_line_break_holder] -->\t<script type=\"text\/javascript\"><!-- [et_pb_line_break_holder] -->\t\tvar _coomeet = [];<!-- [et_pb_line_break_holder] -->\t\t_coomeet['PartnerId'] = 15838965372563;<!-- [et_pb_line_break_holder] -->\t\t(function() {<!-- [et_pb_line_break_holder] -->\t\t\tvar coomeet = document.createElement('script'); coomeet.type = 'text\/javascript'; coomeet.async = true;<!-- [et_pb_line_break_holder] -->\t\t\tcoomeet.src = 'https:\/\/i.coomeet.com\/js\/code.js';<!-- [et_pb_line_break_holder] -->\t\t\tvar s = document.getElementsByTagName('script')[0]; s.parentNode.insertBefore(coomeet, s);<!-- [et_pb_line_break_holder] -->\t\t})();<!-- [et_pb_line_break_holder] -->\t<\/script><!-- [et_pb_line_break_holder] --><\/div>\n<p><\/center>[\/et_pb_code][et_pb_code _builder_version=\u00a0\u00bb4.16&Prime; _module_preset=\u00a0\u00bbdefault\u00a0\u00bb custom_margin_tablet=\u00a0\u00bb\u00a0\u00bb custom_margin_phone=\u00a0\u00bb||0px||false|false\u00a0\u00bb custom_margin_last_edited=\u00a0\u00bbon|phone\u00a0\u00bb custom_padding=\u00a0\u00bb||37px|||\u00a0\u00bb global_colors_info=\u00a0\u00bb{}\u00a0\u00bb]<!-- [et_pb_line_break_holder] --><center><\/p>\n<div id=\"coomeet_container\" style=\"width:800px; height:650px\"><!-- [et_pb_line_break_holder] -->\t<script type=\"text\/javascript\"><!-- [et_pb_line_break_holder] -->\t\tvar _coomeet = [];<!-- [et_pb_line_break_holder] -->\t\t_coomeet['PartnerId'] = 15838965372563;<!-- [et_pb_line_break_holder] -->\t\t_coomeet['ChannelName'] = 'videochatgirls';<!-- [et_pb_line_break_holder] -->\t\t(function() {<!-- [et_pb_line_break_holder] -->\t\t\tvar coomeet = document.createElement('script'); coomeet.type = 'text\/javascript'; coomeet.async = true;<!-- [et_pb_line_break_holder] -->\t\t\tcoomeet.src = 'https:\/\/iframe.coomeet.me\/js\/code.js';<!-- [et_pb_line_break_holder] -->\t\t\tvar s = document.getElementsByTagName('script')[0]; s.parentNode.insertBefore(coomeet, s);<!-- [et_pb_line_break_holder] -->\t\t})();<!-- [et_pb_line_break_holder] -->\t<\/script><!-- [et_pb_line_break_holder] --><\/div>\n<p><\/center>[\/et_pb_code][\/et_pb_column][\/et_pb_row][et_pb_row custom_padding_last_edited=\u00a0\u00bbon|phone\u00a0\u00bb admin_label=\u00a0\u00bbPage Title Area\u00a0\u00bb _builder_version=\u00a0\u00bb4.16&Prime; _module_preset=\u00a0\u00bbdefault\u00a0\u00bb background_size=\u00a0\u00bbinitial\u00a0\u00bb background_position=\u00a0\u00bbtop_left\u00a0\u00bb background_repeat=\u00a0\u00bbrepeat\u00a0\u00bb width_tablet=\u00a0\u00bb\u00a0\u00bb width_phone=\u00a0\u00bb100%\u00a0\u00bb width_last_edited=\u00a0\u00bbon|phone\u00a0\u00bb custom_margin=\u00a0\u00bb20px|auto||auto||\u00a0\u00bb custom_padding_tablet=\u00a0\u00bb\u00a0\u00bb custom_padding_phone=\u00a0\u00bb0px||0px||true|false\u00a0\u00bb global_colors_info=\u00a0\u00bb{}\u00a0\u00bb][et_pb_column type=\u00a0\u00bb4_4&Prime; _builder_version=\u00a0\u00bb4.16&Prime; _module_preset=\u00a0\u00bbdefault\u00a0\u00bb custom_padding=\u00a0\u00bb|||\u00a0\u00bb global_colors_info=\u00a0\u00bb{}\u00a0\u00bb custom_padding__hover=\u00a0\u00bb|||\u00a0\u00bb][et_pb_text admin_label=\u00a0\u00bbTitle\u00a0\u00bb _builder_version=\u00a0\u00bb4.19.0&Prime; _module_preset=\u00a0\u00bbdefault\u00a0\u00bb text_font=\u00a0\u00bbPoppins||||||||\u00a0\u00bb text_font_size=\u00a0\u00bb18px\u00a0\u00bb text_line_height=\u00a0\u00bb1.8em\u00a0\u00bb link_text_color=\u00a0\u00bb#ffffff\u00a0\u00bb header_font=\u00a0\u00bbPoppins|600|||||||\u00a0\u00bb header_font_size=\u00a0\u00bb48px\u00a0\u00bb header_line_height=\u00a0\u00bb1.4em\u00a0\u00bb header_2_font=\u00a0\u00bb||||||||\u00a0\u00bb text_orientation=\u00a0\u00bbcenter\u00a0\u00bb background_layout=\u00a0\u00bbdark\u00a0\u00bb max_width=\u00a0\u00bb1000px\u00a0\u00bb max_width_tablet=\u00a0\u00bb\u00a0\u00bb max_width_phone=\u00a0\u00bb90%\u00a0\u00bb max_width_last_edited=\u00a0\u00bbon|phone\u00a0\u00bb module_alignment=\u00a0\u00bbcenter\u00a0\u00bb custom_margin=\u00a0\u00bb29px|409px||||\u00a0\u00bb custom_padding=\u00a0\u00bb|0px||0px||\u00a0\u00bb animation_style=\u00a0\u00bbfade\u00a0\u00bb header_font_size_tablet=\u00a0\u00bb40px\u00a0\u00bb header_font_size_phone=\u00a0\u00bb32px\u00a0\u00bb header_font_size_last_edited=\u00a0\u00bbon|phone\u00a0\u00bb global_colors_info=\u00a0\u00bb{}\u00a0\u00bb]<\/p>\n<h1 data-pm-slice=\"1 1 []\">Flirtbees<\/h1>\n<p style=\"text-align: left;\">\u00c0 l&rsquo;\u00e8re du num\u00e9rique, les rencontres en ligne sont devenues la norme et le chat vid\u00e9o est essentiel. Flirtbees propose une approche unique des rencontres en ligne en int\u00e9grant le chat par webcam \u00e0 sa plateforme. Il est ainsi plus facile d&rsquo;entrer en contact avec des filles en ligne et de trouver une partenaire de chat potentielle d&rsquo;une mani\u00e8re plus personnelle et engageante.<\/p>\n<p style=\"text-align: left;\">Dans cette \u00e9tude, nous allons explorer les caract\u00e9ristiques et les avantages de Flirtbees en tant que plateforme de rencontres en ligne, en nous concentrant sur l&rsquo;importance du chat vid\u00e9o dans les exp\u00e9riences de rencontres en ligne r\u00e9ussies. Que vous soyez novice en mati\u00e8re de rencontres en ligne ou un professionnel chevronn\u00e9, cette \u00e9valuation vous fournira toutes les informations dont vous avez besoin pour d\u00e9cider si Flirtbees est la plateforme qui vous convient ou non !<\/p>\n<h2 style=\"text-align: left;\"><strong><\/strong><\/h2>\n<p>[\/et_pb_text][\/et_pb_column][\/et_pb_row][\/et_pb_section][et_pb_section fb_built=\u00a0\u00bb1&Prime; _builder_version=\u00a0\u00bb4.17.3&Prime; _module_preset=\u00a0\u00bbdefault\u00a0\u00bb background_color=\u00a0\u00bb#eaeaea\u00a0\u00bb custom_padding=\u00a0\u00bb2px|||||\u00a0\u00bb locked=\u00a0\u00bboff\u00a0\u00bb global_colors_info=\u00a0\u00bb{}\u00a0\u00bb][et_pb_row _builder_version=\u00a0\u00bb4.17.3&Prime; _module_preset=\u00a0\u00bbdefault\u00a0\u00bb global_colors_info=\u00a0\u00bb{}\u00a0\u00bb][et_pb_column type=\u00a0\u00bb4_4&Prime; _builder_version=\u00a0\u00bb4.17.3&Prime; _module_preset=\u00a0\u00bbdefault\u00a0\u00bb global_colors_info=\u00a0\u00bb{}\u00a0\u00bb][et_pb_text _builder_version=\u00a0\u00bb4.19.0&Prime; _module_preset=\u00a0\u00bbdefault\u00a0\u00bb text_font=\u00a0\u00bbPoppins|500|||||||\u00a0\u00bb text_font_size=\u00a0\u00bb18px\u00a0\u00bb text_line_height=\u00a0\u00bb32px\u00a0\u00bb width=\u00a0\u00bb100%\u00a0\u00bb global_colors_info=\u00a0\u00bb{}\u00a0\u00bb]<\/p>\n<h2 data-pm-slice=\"1 1 []\">Qu&rsquo;est-ce que Flirtbees ?<\/h2>\n<p>Flirtbees est une application de rencontre qui met en relation des personnes du monde entier. Il permet aux gens de discuter, d&rsquo;\u00e9changer des photos et de sortir avec des femmes en personne s&rsquo;ils ont le d\u00e9clic. L&rsquo;application est populaire aupr\u00e8s des jeunes et poss\u00e8de une interface conviviale.<\/p>\n<p>Compar\u00e9 \u00e0 d&rsquo;autres sites de chat par webcam gratuits, Flirtbees est un nouveau venu. N\u00e9anmoins, il a rapidement gagn\u00e9 en popularit\u00e9 gr\u00e2ce \u00e0 son exp\u00e9rience de chat \u00e0 la roulette vid\u00e9o et \u00e0 la possibilit\u00e9 d&rsquo;entrer en contact avec des filles au hasard en quelques clics.<\/p>\n<h2>Chat vid\u00e9o sur Flirtbees<\/h2>\n<p><span>Flirtbees est une plateforme qui s&rsquo;adresse \u00e0 ceux qui recherchent un chat <a href=\"https:\/\/chatfly.net\/fr\/\" title=\"chat vid\u00e9o al\u00e9atoire avec des filles\">vid\u00e9o al\u00e9atoire avec des filles<\/a>, entre autres choses. L&rsquo;une des caract\u00e9ristiques uniques de Flirtbees est l&rsquo;accent mis sur les conversations en temps r\u00e9el entre les utilisateurs. La fonction de chat vid\u00e9o de la plateforme permet aux utilisateurs d&rsquo;engager des conversations en face \u00e0 face avec des partenaires potentiels dans le monde entier. Cela ajoute une couche suppl\u00e9mentaire d&rsquo;authenticit\u00e9 et d&rsquo;intimit\u00e9 \u00e0 l&rsquo;exp\u00e9rience des rencontres en ligne, ce qui permet aux utilisateurs de nouer plus facilement des liens authentiques avec d&rsquo;autres personnes. Le chat vid\u00e9o \u00e9vite \u00e9galement aux utilisateurs d&rsquo;\u00e9changer constamment des messages ou des photos, ce qui constitue un moyen plus efficace d&rsquo;apprendre \u00e0 conna\u00eetre quelqu&rsquo;un.<\/span><\/p>\n<h2>Comment utiliser Flirtbees pour le chat vid\u00e9o ?<\/h2>\n<p>L&rsquo;utilisation de Flirtbees pour le chat vid\u00e9o est un processus simple. Tout d&rsquo;abord, les utilisateurs doivent cr\u00e9er un profil en fournissant des informations personnelles de base telles que le nom, l&rsquo;\u00e2ge et la localisation. Ils peuvent \u00e9galement ajouter d&rsquo;autres d\u00e9tails, tels que leurs int\u00e9r\u00eats et passe-temps, afin d&rsquo;augmenter leurs chances de rencontrer rapidement de belles filles partageant les m\u00eames id\u00e9es.<\/p>\n<p>Une fois le profil cr\u00e9\u00e9, les utilisateurs peuvent parcourir les autres profils et s\u00e9lectionner ceux avec lesquels ils souhaitent discuter. Le moteur de recherche de Flirtbees met les utilisateurs en contact avec des partenaires compatibles en fonction des int\u00e9r\u00eats et des pr\u00e9f\u00e9rences qu&rsquo;ils partagent. Les utilisateurs peuvent commencer leur premier chat vid\u00e9o avec leur prochain partenaire potentiel lorsqu&rsquo;une correspondance est \u00e9tablie.<\/p>\n<p>Pendant le chat vid\u00e9o, les utilisateurs peuvent utiliser diverses fonctions telles que la bo\u00eete de dialogue et les cadeaux virtuels pour am\u00e9liorer leur conversation. La bo\u00eete de dialogue permet aux utilisateurs d&rsquo;envoyer des messages les uns aux autres. En m\u00eame temps, les cadeaux virtuels peuvent \u00eatre utilis\u00e9s pour exprimer des \u00e9motions et de la reconnaissance. En outre, les utilisateurs peuvent utiliser la fonction \u00ab\u00a0signaler\u00a0\u00bb ou \u00ab\u00a0bloquer\u00a0\u00bb pour signaler un comportement inappropri\u00e9 ou emp\u00eacher un utilisateur de les contacter.<\/p>\n<p>Dans l&rsquo;ensemble, ce moteur de recherche offre une exp\u00e9rience de chat roulette optimale avec une vid\u00e9o de haute qualit\u00e9 o\u00f9 vous pouvez commencer \u00e0 vous connecter avec de nouvelles filles et devenir accro instantan\u00e9ment.<\/p>\n<h2>Les avantages de Flirtbees<\/h2>\n<ul>\n<li>Fonction de chat vid\u00e9o HD de haute qualit\u00e9<\/li>\n<li>Une mod\u00e9ration stricte des profils, garantissant que seules des personnes authentiques utilisent le service.<\/li>\n<li>Un moyen divertissant et attrayant de trouver des filles en ligne depuis le confort de votre propre maison.<\/li>\n<li>L&rsquo;application mobile permet d&rsquo;\u00e9tablir facilement une connexion en ligne avec la prochaine personne qui vous pla\u00eet.<\/li>\n<li>Vous pouvez \u00eatre s\u00fbr que vous interagissez avec une personne r\u00e9elle, et non avec des robots ou de faux profils.<\/li>\n<li>Les serveurs de Flirtbees disposent de connexions rapides, ce qui permet d&rsquo;obtenir des r\u00e9ponses rapides.<\/li>\n<\/ul>\n<h2>Les inconv\u00e9nients de Flirtbees<\/h2>\n<ul>\n<li>Comme pour tout service de rencontre en ligne, il est toujours possible de rencontrer des escrocs.<\/li>\n<li>Un nombre limit\u00e9 d&rsquo;utilisateurs par rapport aux plateformes de rencontres plus populaires<\/li>\n<li>Vous pouvez avoir un comportement inappropri\u00e9.<\/li>\n<li>Vous aurez besoin d&rsquo;une connexion rapide pour \u00e9viter tout d\u00e9calage lors des appels vid\u00e9o.<\/li>\n<li>Flirtbees n&rsquo;\u00e9tant pas disponible dans tous les pays, il se peut que certains utilisateurs ne puissent pas utiliser le service.<\/li>\n<\/ul>\n<h2>Le mot de la fin : Flirtbees en vaut-il la peine ?<\/h2>\n<p>Dans l&rsquo;ensemble, Flirtbees est une option d\u00e9cente pour ceux qui recherchent une exp\u00e9rience de chat vid\u00e9o en temps r\u00e9el avec des partenaires potentiels. <span>Bien qu&rsquo;il ne dispose pas de la fonctionnalit\u00e9 de chat vid\u00e9o comme <a href=\"https:\/\/chatfly.net\/fr\/livetolives\/\">LiveToLives<\/a>, Flirtbees offre d&rsquo;autres caract\u00e9ristiques qui valent la peine d&rsquo;\u00eatre prises en consid\u00e9ration, telles que l&rsquo;accent mis sur la mise en relation des utilisateurs avec des personnes partageant les m\u00eames id\u00e9es et son interface conviviale.<\/span> En fin de compte, l&rsquo;int\u00e9r\u00eat d&rsquo;utiliser Flirtbees d\u00e9pend de vos pr\u00e9f\u00e9rences personnelles et de vos objectifs en mati\u00e8re de rencontres en ligne.<\/p>\n<p>[\/et_pb_text][\/et_pb_column][\/et_pb_row][\/et_pb_section][et_pb_section fb_built=\u00a0\u00bb1&Prime; _builder_version=\u00a0\u00bb4.19.0&Prime; _module_preset=\u00a0\u00bbdefault\u00a0\u00bb custom_padding=\u00a0\u00bb17px||1px|||\u00a0\u00bb global_colors_info=\u00a0\u00bb{}\u00a0\u00bb][\/et_pb_section]<\/p>","protected":false},"excerpt":{"rendered":"<p>Flirtbees \u00c0 l&rsquo;\u00e8re du num\u00e9rique, les rencontres en ligne sont devenues la norme et le chat vid\u00e9o est essentiel. Flirtbees propose une approche unique des rencontres en ligne en int\u00e9grant le chat par webcam \u00e0 sa plateforme. Il est ainsi plus facile d&rsquo;entrer en contact avec des filles en ligne et de trouver une partenaire [&hellip;]<\/p>","protected":false},"author":2,"featured_media":0,"parent":0,"menu_order":0,"comment_status":"closed","ping_status":"closed","template":"","meta":{"_et_pb_use_builder":"on","_et_pb_old_content":"","_et_gb_content_width":"","om_disable_all_campaigns":false,"footnotes":""},"class_list":["post-6970","page","type-page","status-publish","hentry"],"_links":{"self":[{"href":"https:\/\/chatfly.net\/fr\/wp-json\/wp\/v2\/pages\/6970","targetHints":{"allow":["GET"]}}],"collection":[{"href":"https:\/\/chatfly.net\/fr\/wp-json\/wp\/v2\/pages"}],"about":[{"href":"https:\/\/chatfly.net\/fr\/wp-json\/wp\/v2\/types\/page"}],"author":[{"embeddable":true,"href":"https:\/\/chatfly.net\/fr\/wp-json\/wp\/v2\/users\/2"}],"replies":[{"embeddable":true,"href":"https:\/\/chatfly.net\/fr\/wp-json\/wp\/v2\/comments?post=6970"}],"version-history":[{"count":0,"href":"https:\/\/chatfly.net\/fr\/wp-json\/wp\/v2\/pages\/6970\/revisions"}],"wp:attachment":[{"href":"https:\/\/chatfly.net\/fr\/wp-json\/wp\/v2\/media?parent=6970"}],"curies":[{"name":"wp","href":"https:\/\/api.w.org\/{rel}","templated":true}]}}