{"id":6967,"date":"2020-11-03T11:29:06","date_gmt":"2020-11-03T16:29:06","guid":{"rendered":"https:\/\/chatfly.net\/coomeet\/"},"modified":"2023-06-26T15:27:17","modified_gmt":"2023-06-26T20:27:17","slug":"coomeet","status":"publish","type":"page","link":"https:\/\/chatfly.net\/fr\/coomeet\/","title":{"rendered":"Coomeet"},"content":{"rendered":"<p>[et_pb_section fb_built=\u00a0\u00bb1&Prime; custom_padding_last_edited=\u00a0\u00bbon|phone\u00a0\u00bb admin_label=\u00a0\u00bbPage Title Section\u00a0\u00bb _builder_version=\u00a0\u00bb4.16&Prime; _module_preset=\u00a0\u00bbdefault\u00a0\u00bb use_background_color_gradient=\u00a0\u00bbon\u00a0\u00bb background_color_gradient_direction=\u00a0\u00bb120deg\u00a0\u00bb background_color_gradient_stops=\u00a0\u00bb#8d42de 0%|#000dff 100%\u00a0\u00bb background_color_gradient_start=\u00a0\u00bb#8d42de\u00a0\u00bb background_color_gradient_end=\u00a0\u00bb#000dff\u00a0\u00bb background_image=\u00a0\u00bbhttps:\/\/chatfly.net\/wp-content\/uploads\/2020\/11\/section-bg-hero2.png\u00a0\u00bb custom_padding=\u00a0\u00bb100px||60px|\u00a0\u00bb custom_padding_tablet=\u00a0\u00bb40px||||false|false\u00a0\u00bb custom_padding_phone=\u00a0\u00bb30px||||false|false\u00a0\u00bb box_shadow_style=\u00a0\u00bbpreset7&Prime; box_shadow_horizontal=\u00a0\u00bb0px\u00a0\u00bb box_shadow_color=\u00a0\u00bb#ffffff\u00a0\u00bb global_colors_info=\u00a0\u00bb{}\u00a0\u00bb][et_pb_row custom_padding_last_edited=\u00a0\u00bbon|desktop\u00a0\u00bb admin_label=\u00a0\u00bbPage Title Area\u00a0\u00bb _builder_version=\u00a0\u00bb4.16&Prime; _module_preset=\u00a0\u00bbdefault\u00a0\u00bb background_size=\u00a0\u00bbinitial\u00a0\u00bb background_position=\u00a0\u00bbtop_left\u00a0\u00bb background_repeat=\u00a0\u00bbrepeat\u00a0\u00bb width_tablet=\u00a0\u00bb\u00a0\u00bb width_phone=\u00a0\u00bb100%\u00a0\u00bb width_last_edited=\u00a0\u00bbon|phone\u00a0\u00bb custom_padding=\u00a0\u00bb0px||||false|false\u00a0\u00bb custom_padding_tablet=\u00a0\u00bb\u00a0\u00bb custom_padding_phone=\u00a0\u00bb\u00a0\u00bb global_colors_info=\u00a0\u00bb{}\u00a0\u00bb][et_pb_column type=\u00a0\u00bb4_4&Prime; _builder_version=\u00a0\u00bb4.16&Prime; _module_preset=\u00a0\u00bbdefault\u00a0\u00bb custom_padding=\u00a0\u00bb|||\u00a0\u00bb global_colors_info=\u00a0\u00bb{}\u00a0\u00bb custom_padding__hover=\u00a0\u00bb|||\u00a0\u00bb][et_pb_code disabled_on=\u00a0\u00bbon|on|on\u00a0\u00bb _builder_version=\u00a0\u00bb4.16&Prime; _module_preset=\u00a0\u00bbdefault\u00a0\u00bb disabled=\u00a0\u00bbon\u00a0\u00bb global_colors_info=\u00a0\u00bb{}\u00a0\u00bb]<!-- [et_pb_line_break_holder] --><center><\/p>\n<div id=\"coomeet_container\" style=\"width:800px; height:650px\"><!-- [et_pb_line_break_holder] -->\t<script type=\"text\/javascript\"><!-- [et_pb_line_break_holder] -->\t\tvar _coomeet = [];<!-- [et_pb_line_break_holder] -->\t\t_coomeet['PartnerId'] = 15838965372563;<!-- [et_pb_line_break_holder] -->\t\t(function() {<!-- [et_pb_line_break_holder] -->\t\t\tvar coomeet = document.createElement('script'); coomeet.type = 'text\/javascript'; coomeet.async = true;<!-- [et_pb_line_break_holder] -->\t\t\tcoomeet.src = 'https:\/\/i.coomeet.com\/js\/code.js';<!-- [et_pb_line_break_holder] -->\t\t\tvar s = document.getElementsByTagName('script')[0]; s.parentNode.insertBefore(coomeet, s);<!-- [et_pb_line_break_holder] -->\t\t})();<!-- [et_pb_line_break_holder] -->\t<\/script><!-- [et_pb_line_break_holder] --><\/div>\n<p><\/center>[\/et_pb_code][et_pb_code _builder_version=\u00a0\u00bb4.16&Prime; _module_preset=\u00a0\u00bbdefault\u00a0\u00bb global_colors_info=\u00a0\u00bb{}\u00a0\u00bb]<!-- [et_pb_line_break_holder] --><center><\/p>\n<div id=\"coomeet_container\" style=\"width:800px; height:650px\"><!-- [et_pb_line_break_holder] -->\t<script type=\"text\/javascript\"><!-- [et_pb_line_break_holder] -->\t\tvar _coomeet = [];<!-- [et_pb_line_break_holder] -->\t\t_coomeet['PartnerId'] = 15838965372563;<!-- [et_pb_line_break_holder] -->\t\t_coomeet['ChannelName'] = 'videochatgirls';<!-- [et_pb_line_break_holder] -->\t\t(function() {<!-- [et_pb_line_break_holder] -->\t\t\tvar coomeet = document.createElement('script'); coomeet.type = 'text\/javascript'; coomeet.async = true;<!-- [et_pb_line_break_holder] -->\t\t\tcoomeet.src = 'https:\/\/iframe.coomeet.me\/js\/code.js';<!-- [et_pb_line_break_holder] -->\t\t\tvar s = document.getElementsByTagName('script')[0]; s.parentNode.insertBefore(coomeet, s);<!-- [et_pb_line_break_holder] -->\t\t})();<!-- [et_pb_line_break_holder] -->\t<\/script><!-- [et_pb_line_break_holder] --><\/div>\n<p><\/center>[\/et_pb_code][\/et_pb_column][\/et_pb_row][et_pb_row custom_padding_last_edited=\u00a0\u00bbon|desktop\u00a0\u00bb admin_label=\u00a0\u00bbPage Title Area\u00a0\u00bb _builder_version=\u00a0\u00bb4.16&Prime; _module_preset=\u00a0\u00bbdefault\u00a0\u00bb background_size=\u00a0\u00bbinitial\u00a0\u00bb background_position=\u00a0\u00bbtop_left\u00a0\u00bb background_repeat=\u00a0\u00bbrepeat\u00a0\u00bb width_tablet=\u00a0\u00bb\u00a0\u00bb width_phone=\u00a0\u00bb100%\u00a0\u00bb width_last_edited=\u00a0\u00bbon|phone\u00a0\u00bb custom_padding=\u00a0\u00bb0px|2px|||false|false\u00a0\u00bb custom_padding_tablet=\u00a0\u00bb\u00a0\u00bb custom_padding_phone=\u00a0\u00bb\u00a0\u00bb global_colors_info=\u00a0\u00bb{}\u00a0\u00bb][et_pb_column type=\u00a0\u00bb4_4&Prime; _builder_version=\u00a0\u00bb4.16&Prime; _module_preset=\u00a0\u00bbdefault\u00a0\u00bb custom_padding=\u00a0\u00bb|||\u00a0\u00bb global_colors_info=\u00a0\u00bb{}\u00a0\u00bb custom_padding__hover=\u00a0\u00bb|||\u00a0\u00bb][et_pb_text admin_label=\u00a0\u00bbTitle\u00a0\u00bb _builder_version=\u00a0\u00bb4.19.0&Prime; _module_preset=\u00a0\u00bbdefault\u00a0\u00bb text_font=\u00a0\u00bbPoppins||||||||\u00a0\u00bb text_font_size=\u00a0\u00bb18px\u00a0\u00bb text_line_height=\u00a0\u00bb1.8em\u00a0\u00bb link_text_color=\u00a0\u00bb#ffffff\u00a0\u00bb header_font=\u00a0\u00bbPoppins|600|||||||\u00a0\u00bb header_font_size=\u00a0\u00bb48px\u00a0\u00bb header_line_height=\u00a0\u00bb1.4em\u00a0\u00bb header_2_font=\u00a0\u00bb||||||||\u00a0\u00bb text_orientation=\u00a0\u00bbcenter\u00a0\u00bb background_layout=\u00a0\u00bbdark\u00a0\u00bb max_width=\u00a0\u00bb999px\u00a0\u00bb module_alignment=\u00a0\u00bbcenter\u00a0\u00bb custom_margin=\u00a0\u00bb|238px||||\u00a0\u00bb custom_padding=\u00a0\u00bb|0px||0px||\u00a0\u00bb animation_style=\u00a0\u00bbfade\u00a0\u00bb header_font_size_tablet=\u00a0\u00bb40px\u00a0\u00bb header_font_size_phone=\u00a0\u00bb32px\u00a0\u00bb header_font_size_last_edited=\u00a0\u00bbon|phone\u00a0\u00bb global_colors_info=\u00a0\u00bb{}\u00a0\u00bb]<\/p>\n<h1 data-pm-slice=\"1 1 []\"><strong>Coomeet<\/strong><\/h1>\n<p>CooMeet est une plateforme de chat vid\u00e9o innovante qui permet aux utilisateurs de se connecter avec des filles au hasard dans le monde entier. Ce site de chat vid\u00e9o al\u00e9atoire offre une combinaison unique d&rsquo;anonymat, de fiabilit\u00e9 et de vitesse \u00e9lev\u00e9e. Avec CooMeet, vous pouvez d\u00e9sormais discuter en <a href=\"https:\/\/chatfly.net\/fr\/\">vid\u00e9o avec des filles<\/a> du monde entier sans vous soucier de votre vie priv\u00e9e ou de votre s\u00e9curit\u00e9.<\/p>\n<p>[\/et_pb_text][\/et_pb_column][\/et_pb_row][\/et_pb_section][et_pb_section fb_built=\u00a0\u00bb1&Prime; admin_label=\u00a0\u00bbProject Details Section\u00a0\u00bb _builder_version=\u00a0\u00bb4.16&Prime; _module_preset=\u00a0\u00bbdefault\u00a0\u00bb background_image=\u00a0\u00bbhttps:\/\/chatfly.net\/wp-content\/uploads\/2020\/11\/section-bg-graph.png\u00a0\u00bb background_size=\u00a0\u00bbcontain\u00a0\u00bb background_position=\u00a0\u00bbbottom_center\u00a0\u00bb custom_padding=\u00a0\u00bb0px||90px||false|false\u00a0\u00bb global_colors_info=\u00a0\u00bb{}\u00a0\u00bb][et_pb_row admin_label=\u00a0\u00bbR\u00e9sum\u00e9 du projet\u00a0\u00bb _builder_version=\u00a0\u00bb4.16&Prime; _module_preset=\u00a0\u00bbdefault\u00a0\u00bb custom_padding=\u00a0\u00bb|||\u00a0\u00bb global_colors_info=\u00a0\u00bb{}\u00a0\u00bb][et_pb_column type=\u00a0\u00bb4_4&Prime; _builder_version=\u00a0\u00bb4.16&Prime; _module_preset=\u00a0\u00bbdefault\u00a0\u00bb custom_padding=\u00a0\u00bb|||\u00a0\u00bb global_colors_info=\u00a0\u00bb{}\u00a0\u00bb custom_padding__hover=\u00a0\u00bb|||\u00a0\u00bb][et_pb_text admin_label=\u00a0\u00bbTitle\u00a0\u00bb _builder_version=\u00a0\u00bb4.16&Prime; _module_preset=\u00a0\u00bbdefault\u00a0\u00bb text_font=\u00a0\u00bbPoppins||||||||\u00a0\u00bb text_font_size=\u00a0\u00bb16px\u00a0\u00bb text_line_height=\u00a0\u00bb1.8em\u00a0\u00bb ul_font=\u00a0\u00bb||||||||\u00a0\u00bb ol_font=\u00a0\u00bb||||||||\u00a0\u00bb header_font=\u00a0\u00bb||||||||\u00a0\u00bb header_2_font=\u00a0\u00bbPoppins|600|||||||\u00a0\u00bb header_2_font_size=\u00a0\u00bb36px\u00a0\u00bb header_2_line_height=\u00a0\u00bb1.4em\u00a0\u00bb max_width=\u00a0\u00bb1000px\u00a0\u00bb custom_padding=\u00a0\u00bb|0px||||\u00a0\u00bb animation_style=\u00a0\u00bbfold\u00a0\u00bb animation_direction=\u00a0\u00bbbottom\u00a0\u00bb animation_intensity_fold=\u00a0\u00bb10%\u00a0\u00bb animation_starting_opacity=\u00a0\u00bb100%\u00a0\u00bb header_2_font_size_tablet=\u00a0\u00bb30px\u00a0\u00bb header_2_font_size_phone=\u00a0\u00bb30px\u00a0\u00bb header_2_font_size_last_edited=\u00a0\u00bbon|phone\u00a0\u00bb custom_css_main_element=\u00a0\u00bbmargin:0 auto;\u00a0\u00bb global_colors_info=\u00a0\u00bb{}\u00a0\u00bb]<\/p>\n<h2 data-pm-slice=\"1 1 []\"><strong>Caract\u00e9ristiques de Coomeet<\/strong><\/h2>\n<p>CooMeet, l&rsquo;une des principales plateformes de chat vid\u00e9o en ligne du monde moderne, propose des fonctions de chat vid\u00e9o en ligne et de rencontre afin que les gens tirent le meilleur parti de leur exp\u00e9rience de la rencontre en ligne.<\/p>\n<h3><strong>Inscription gratuite et p\u00e9riode d&rsquo;essai gratuite<\/strong><\/h3>\n<p>CooMeet permet aux personnes de s&rsquo;inscrire \u00e0 un essai gratuit et d&rsquo;utiliser le service pendant une p\u00e9riode limit\u00e9e avant de passer \u00e0 un abonnement payant. Cela permettra aux gens de tester le service avant de s&rsquo;y engager.<\/p>\n<h2><strong>Processus de v\u00e9rification simple<\/strong><\/h2>\n<p>Le processus de v\u00e9rification approfondi du site de rencontre lui-m\u00eame garantit que tous les utilisateurs sont des personnes r\u00e9elles, et non des robots ou des escrocs. Les mod\u00e9rateurs veillent \u00e9galement \u00e0 ce que seules des filles v\u00e9rifi\u00e9es soient pr\u00e9sentes sur la plateforme, ce qui vous permet d&rsquo;\u00eatre s\u00fbr d&rsquo;\u00eatre avec de vraies filles et de discuter avec de vraies femmes.<\/p>\n<h3><strong>S\u00e9lection de la langue et fonction de traduction<\/strong><\/h3>\n<p>CooMeet prend en charge plusieurs langues, ce qui permet aux personnes de diff\u00e9rents pays de communiquer facilement avec des personnes d&rsquo;origine oppos\u00e9e. Le site dispose \u00e9galement d&rsquo;une fonction de traduction automatique qui permet aux personnes ne parlant pas la m\u00eame langue de se parler et de se comprendre plus facilement.<\/p>\n<h3><strong>Interface conviviale et navigation ais\u00e9e<\/strong><\/h3>\n<p>L&rsquo;interface utilisateur de CooMeet est con\u00e7ue pour faciliter la navigation et permettre de trouver rapidement ce que l&rsquo;on cherche. Qu&rsquo;il s&rsquo;agisse d&rsquo;une fille au hasard ou d&rsquo;une amie. Le site propose \u00e9galement des tutoriels utiles sur ses diff\u00e9rentes fonctionnalit\u00e9s, ce qui facilite la t\u00e2che des nouveaux membres qui souhaitent commencer \u00e0 chatter.<\/p>\n<h3><strong>Chat vid\u00e9o cam\u00e9ra \u00e0 cam\u00e9ra avec des inconnus<\/strong><\/h3>\n<p>L&rsquo;une des caract\u00e9ristiques les plus populaires de CooMeet est son option de chat vid\u00e9o de cam\u00e9ra \u00e0 cam\u00e9ra, qui permet aux membres de se connecter et de parler avec un inconnu du monde entier en temps r\u00e9el. Cette communication par webcam en direct permet \u00e0 des personnes de cultures et d&rsquo;horizons diff\u00e9rents de rencontrer des filles et d&rsquo;interagir dans un cadre intime.<\/p>\n<h3><strong>Filtres pour les partenaires de chat pr\u00e9f\u00e9r\u00e9s<\/strong><\/h3>\n<p>CooMeet propose \u00e9galement des filtres qui permettent aux membres d&rsquo;affiner les r\u00e9sultats de leur recherche en fonction de l&rsquo;\u00e2ge, du sexe, de la langue pr\u00e9f\u00e9r\u00e9e, du lieu, des centres d&rsquo;int\u00e9r\u00eat, etc. afin qu&rsquo;ils puissent trouver exactement ce qu&rsquo;ils recherchent chez un partenaire potentiel, une \u00e2me s\u0153ur ou un ami.<\/p>\n<h3><strong>La possibilit\u00e9 d&rsquo;ajouter des amis et de construire un r\u00e9seau personnel<\/strong><\/h3>\n<p>Une autre grande caract\u00e9ristique de CooMeet est sa capacit\u00e9 \u00e0 permettre aux membres d&rsquo;ajouter des amis et de construire leurs r\u00e9seaux au sein du site. Il est donc plus facile pour les personnes ayant des int\u00e9r\u00eats ou des passe-temps similaires de rencontrer des femmes sexy et de se connecter plus rapidement que si elles utilisaient des sites ou des applications de rencontre traditionnels.<\/p>\n<h2><strong>Avantages de Coomeet<\/strong><\/h2>\n<p>Avec ses caract\u00e9ristiques remarquables et son interface conviviale, CooMeet pr\u00e9sente les meilleures caract\u00e9ristiques et les avantages suivants :<\/p>\n<h3><strong>Chat vid\u00e9o avec des filles chaudes et belles<\/strong><\/h3>\n<p>CooMeet est un moyen excitant de rencontrer des filles belles et chaudes de diff\u00e9rents pays. Vous pouvez d\u00e9marrer une session de chat vid\u00e9o en direct avec n&rsquo;importe quelle fille, s\u00e9lectionner la langue de votre choix et discuter avec des filles en un seul clic. Vous pouvez \u00e9galement regarder les vid\u00e9os de son profil avant d&rsquo;entamer la conversation. Cela vous permet de mieux la conna\u00eetre avant d&rsquo;entamer une conversation.<\/p>\n<h3><strong>\u00c9l\u00e9ments de surprise dans les sessions de chat<\/strong><\/h3>\n<p>CooMeet ajoute des \u00e9l\u00e9ments surprenants aux sessions de chat, ce qui les rend plus int\u00e9ressantes pour les deux parties. Par exemple, pendant la conversation, vous pouvez envoyer des cadeaux virtuels tels que des fleurs, des chocolats, des ours en peluche, etc. pour que votre partenaire se sente sp\u00e9cial et appr\u00e9ci\u00e9 par le biais d&rsquo;un chat vid\u00e9o al\u00e9atoire. Ces \u00e9l\u00e9ments surprenants permettent de maintenir la conversation vivante et engageante pour les deux parties.<\/p>\n<h3><strong>Plate-forme de chat vid\u00e9o en ligne s\u00fbre et s\u00e9curis\u00e9e<\/strong><\/h3>\n<p>La plateforme veille \u00e0 ce que toutes les conversations soient s\u00fbres et s\u00e9curis\u00e9es gr\u00e2ce \u00e0 une communaut\u00e9 mod\u00e9r\u00e9e qui surveille toutes les conversations sur la plateforme.<\/p>\n<p>Cela permet de s&rsquo;assurer que les membres ne partagent pas ou n&rsquo;\u00e9changent pas de contenu inappropri\u00e9 au cours de leurs conversations. CooMeet dispose \u00e9galement d&rsquo;une excellente assistance \u00e0 la client\u00e8le, qui permet de r\u00e9soudre rapidement et efficacement tout probl\u00e8me ou question.<\/p>\n<h3><strong>Les moyens modernes de communication et de se faire de nouveaux amis<\/strong><\/h3>\n<p>CooMeet est un moyen de communication innovant qui permet aux personnes de se connecter plus facilement \u00e0 partir de diff\u00e9rentes parties de l&rsquo;internet et du monde sans avoir \u00e0 parcourir de longues distances ou \u00e0 d\u00e9penser de l&rsquo;argent pour des billets d&rsquo;avion ou des chambres d&rsquo;h\u00f4tel on\u00e9reux.<\/p>\n<p>Il s&rsquo;agit d&rsquo;une communication pratique et d&rsquo;un excellent moyen de faire de nouvelles rencontres, car vous pouvez facilement trouver quelqu&rsquo;un qui partage les m\u00eames centres d&rsquo;int\u00e9r\u00eat gr\u00e2ce \u00e0 cette plateforme.<\/p>\n<h3><strong>Une alternative aux rencontres traditionnelles pour gagner du temps<\/strong><\/h3>\n<p>Contrairement \u00e0 d&rsquo;autres plateformes de chat vid\u00e9o en direct comme chat roulette. CooMeet est une alternative aux rencontres traditionnelles qui permet de gagner du temps. Parce qu&rsquo;il vous permet d&rsquo;entrer rapidement en contact avec des partenaires potentiels sans avoir \u00e0 les rencontrer en personne.<\/p>\n<p>Cela vous \u00e9vite \u00e9galement d&rsquo;avoir de longues conversations avec des inconnus par t\u00e9l\u00e9phone ou par courrier \u00e9lectronique avant de les rencontrer en personne. Vous \u00e9conomisez du temps et de l&rsquo;argent, car il n&rsquo;est pas n\u00e9cessaire d&rsquo;avoir des rendez-vous co\u00fbteux ou des frais de d\u00e9placement lorsque vous utilisez cette plateforme de rencontres vid\u00e9o pour trouver des partenaires potentiels en ligne.<\/p>\n<h3><strong>Excellente assistance \u00e0 la client\u00e8le et avis de Trustpilot<\/strong><\/h3>\n<p>Le chat vid\u00e9o CooMeet dispose d&rsquo;un excellent service client\u00e8le, qui aide \u00e0 r\u00e9soudre les probl\u00e8mes rapidement et efficacement afin que les membres puissent profiter de leur exp\u00e9rience sur cette plateforme en ligne sans aucune inqui\u00e9tude ou pr\u00e9occupation quant \u00e0 leur s\u00e9curit\u00e9. La plateforme dispose \u00e9galement d&rsquo;avis positifs sur Trustpilot, ce qui en dit long sur sa fiabilit\u00e9 et la confiance qu&rsquo;elle inspire \u00e0 la plupart de ses membres dans le monde entier.<\/p>\n<h2><strong>Coomeet Premium<\/strong><\/h2>\n<p>L&rsquo;abonnement premium au chat vid\u00e9o CooMeet offre une vari\u00e9t\u00e9 de fonctions et d&rsquo;avantages qui ne sont pas disponibles dans la version gratuite. Il s&rsquo;agit notamment de l&rsquo;acc\u00e8s \u00e0 des contenus exclusifs, de remises sur les services, d&rsquo;une assistance client\u00e8le prioritaire, etc.<\/p>\n<p>En outre, les membres peuvent \u00e9galement profiter d&rsquo;un nombre illimit\u00e9 de messages et d&rsquo;un historique de chat vid\u00e9o. En outre, ils peuvent \u00e9galement utiliser des filtres de recherche avanc\u00e9s pour trouver rapidement et facilement la personne qui leur convient.<\/p>\n<h3><strong>Co\u00fbt et modes de paiement<\/strong><\/h3>\n<p>Le co\u00fbt de l&rsquo;abonnement CooMeet Premium varie en fonction de la dur\u00e9e de l&rsquo;abonnement choisi.<\/p>\n<p>Par exemple, un abonnement d&rsquo;un mois co\u00fbte 9,99 $ plus 20 minutes gratuites, tandis qu&rsquo;un abonnement de trois mois co\u00fbte 7,99 $ par mois plus 70 minutes gratuites.<\/p>\n<p>Les m\u00e9thodes de paiement accept\u00e9es par CooMeet comprennent les cartes de cr\u00e9dit, PayPal, Apple Pay, Google Pay, Amazon Pay, et plus encore.<\/p>\n<h3><strong>Options de mise \u00e0 niveau et limitations<\/strong><\/h3>\n<p>Les personnes qui souhaitent passer d&rsquo;un compte existant \u00e0 un abonnement premium peuvent le faire \u00e0 tout moment en se connectant \u00e0 la page des param\u00e8tres de leur compte et en s\u00e9lectionnant \u00ab\u00a0Upgrade\u00a0\u00bb dans les options du menu.<\/p>\n<p>Cependant, il existe certaines limitations lors du passage d&rsquo;un compte bancaire gratuit \u00e0 un compte bancaire premium. Par exemple, les utilisateurs ne peuvent pas transf\u00e9rer les cr\u00e9dits ou les points de fid\u00e9lit\u00e9 existants de leur compte gratuit vers leur compte premium.<\/p>\n<h2><strong>Conclusion<\/strong><\/h2>\n<p>CooMeet est une plateforme innovante de chat vid\u00e9o en ligne qui offre aux internautes un environnement en ligne s\u00fbr et respectueux pour communiquer avec des personnes au hasard.<\/p>\n<p>Il offre des fonctionnalit\u00e9s avanc\u00e9es telles que des conversations mod\u00e9r\u00e9es, des chats vid\u00e9o, une assistance client\u00e8le, d&rsquo;excellentes \u00e9valuations de Trustpilot, un contenu exclusif pour les membres premium, des m\u00e9thodes de paiement flexibles et des options de mise \u00e0 niveau avec des limitations.<\/p>\n<p>CooMeet est donc une excellente option pour trouver des partenaires potentiels dans la vie r\u00e9elle ou faire de nouvelles rencontres par le biais des rencontres vid\u00e9o en ligne. Avec son interface facile \u00e0 utiliser et son environnement de chat s\u00e9curis\u00e9, CooMeet est une plateforme id\u00e9ale pour le chat vid\u00e9o avec de jolies filles.<\/p>\n<div class=\"text-center\">\n<div class=\"text-center\"><\/div>\n<\/div>\n<div class=\"spacer_50\">\n<div class=\"row\">\n<div class=\"col-md-6 col-spacer\">\n<div class=\"box_list media\">\n<div class=\"media-body\"><\/div>\n<\/div>\n<\/div>\n<\/div>\n<\/div>\n<p>[\/et_pb_text][\/et_pb_column][\/et_pb_row][\/et_pb_section]<\/p>","protected":false},"excerpt":{"rendered":"<p>Coomeet CooMeet est une plateforme de chat vid\u00e9o innovante qui permet aux utilisateurs de se connecter avec des filles au hasard dans le monde entier. Ce site de chat vid\u00e9o al\u00e9atoire offre une combinaison unique d&rsquo;anonymat, de fiabilit\u00e9 et de vitesse \u00e9lev\u00e9e. Avec CooMeet, vous pouvez d\u00e9sormais discuter en vid\u00e9o avec des filles du monde [&hellip;]<\/p>","protected":false},"author":2,"featured_media":6670,"parent":0,"menu_order":0,"comment_status":"closed","ping_status":"closed","template":"","meta":{"_et_pb_use_builder":"on","_et_pb_old_content":"","_et_gb_content_width":"","om_disable_all_campaigns":false,"footnotes":""},"class_list":["post-6967","page","type-page","status-publish","has-post-thumbnail","hentry"],"_links":{"self":[{"href":"https:\/\/chatfly.net\/fr\/wp-json\/wp\/v2\/pages\/6967","targetHints":{"allow":["GET"]}}],"collection":[{"href":"https:\/\/chatfly.net\/fr\/wp-json\/wp\/v2\/pages"}],"about":[{"href":"https:\/\/chatfly.net\/fr\/wp-json\/wp\/v2\/types\/page"}],"author":[{"embeddable":true,"href":"https:\/\/chatfly.net\/fr\/wp-json\/wp\/v2\/users\/2"}],"replies":[{"embeddable":true,"href":"https:\/\/chatfly.net\/fr\/wp-json\/wp\/v2\/comments?post=6967"}],"version-history":[{"count":0,"href":"https:\/\/chatfly.net\/fr\/wp-json\/wp\/v2\/pages\/6967\/revisions"}],"wp:featuredmedia":[{"embeddable":true,"href":"https:\/\/chatfly.net\/fr\/wp-json\/wp\/v2\/media\/6670"}],"wp:attachment":[{"href":"https:\/\/chatfly.net\/fr\/wp-json\/wp\/v2\/media?parent=6967"}],"curies":[{"name":"wp","href":"https:\/\/api.w.org\/{rel}","templated":true}]}}