{"id":6952,"date":"2020-11-02T12:06:26","date_gmt":"2020-11-02T17:06:26","guid":{"rendered":"https:\/\/chatfly.net\/cam-chat\/"},"modified":"2023-06-25T13:08:10","modified_gmt":"2023-06-25T18:08:10","slug":"cam-chat","status":"publish","type":"page","link":"https:\/\/chatfly.net\/fr\/cam-chat\/","title":{"rendered":"Cam Chat"},"content":{"rendered":"<p>[et_pb_section fb_built=\u00a0\u00bb1&Prime; custom_padding_last_edited=\u00a0\u00bbon|phone\u00a0\u00bb admin_label=\u00a0\u00bbPage Title Section\u00a0\u00bb _builder_version=\u00a0\u00bb4.16&Prime; _module_preset=\u00a0\u00bbdefault\u00a0\u00bb use_background_color_gradient=\u00a0\u00bbon\u00a0\u00bb background_color_gradient_direction=\u00a0\u00bb120deg\u00a0\u00bb background_color_gradient_stops=\u00a0\u00bb#8d42de 0%|#000dff 100%\u00a0\u00bb background_color_gradient_start=\u00a0\u00bb#8d42de\u00a0\u00bb background_color_gradient_end=\u00a0\u00bb#000dff\u00a0\u00bb background_image=\u00a0\u00bbhttps:\/\/chatfly.net\/wp-content\/uploads\/2020\/11\/section-bg-hero2.png\u00a0\u00bb custom_padding=\u00a0\u00bb100px||60px|\u00a0\u00bb custom_padding_tablet=\u00a0\u00bb40px||||false|false\u00a0\u00bb custom_padding_phone=\u00a0\u00bb30px||||false|false\u00a0\u00bb box_shadow_style=\u00a0\u00bbpreset7&Prime; box_shadow_horizontal=\u00a0\u00bb0px\u00a0\u00bb box_shadow_color=\u00a0\u00bb#ffffff\u00a0\u00bb global_colors_info=\u00a0\u00bb{}\u00a0\u00bb][et_pb_row admin_label=\u00a0\u00bbPage Title Area\u00a0\u00bb _builder_version=\u00a0\u00bb4.16&Prime; _module_preset=\u00a0\u00bbdefault\u00a0\u00bb background_size=\u00a0\u00bbinitial\u00a0\u00bb background_position=\u00a0\u00bbtop_left\u00a0\u00bb background_repeat=\u00a0\u00bbrepeat\u00a0\u00bb width_tablet=\u00a0\u00bb\u00a0\u00bb width_phone=\u00a0\u00bb100%\u00a0\u00bb width_last_edited=\u00a0\u00bbon|phone\u00a0\u00bb global_colors_info=\u00a0\u00bb{}\u00a0\u00bb][et_pb_column type=\u00a0\u00bb4_4&Prime; _builder_version=\u00a0\u00bb4.16&Prime; _module_preset=\u00a0\u00bbdefault\u00a0\u00bb custom_padding=\u00a0\u00bb|||\u00a0\u00bb global_colors_info=\u00a0\u00bb{}\u00a0\u00bb custom_padding__hover=\u00a0\u00bb|||\u00a0\u00bb][et_pb_code disabled_on=\u00a0\u00bbon|on|on\u00a0\u00bb _builder_version=\u00a0\u00bb4.16&Prime; background_color=\u00a0\u00bbrgba(0,0,0,0)\u00a0\u00bb custom_margin=\u00a0\u00bb25px||||false|false\u00a0\u00bb disabled=\u00a0\u00bbon\u00a0\u00bb global_colors_info=\u00a0\u00bb{}\u00a0\u00bb]<!-- [et_pb_line_break_holder] --><center><\/p>\n<div id=\"coomeet_container\"><!-- [et_pb_line_break_holder] -->\t<script type=\"text\/javascript\"><!-- [et_pb_line_break_holder] -->\t\tvar _coomeet = [];<!-- [et_pb_line_break_holder] -->\t\t_coomeet['PartnerId'] = 15838965372563;<!-- [et_pb_line_break_holder] -->\t\t_coomeet['ChannelName'] = 'videochatgirls';<!-- [et_pb_line_break_holder] -->\t\t(function() {<!-- [et_pb_line_break_holder] -->\t\t\tvar coomeet = document.createElement('script'); coomeet.type = 'text\/javascript'; coomeet.async = true;<!-- [et_pb_line_break_holder] -->\t\t\tcoomeet.src = 'https:\/\/i.coomeet.com\/js\/code.js';<!-- [et_pb_line_break_holder] -->\t\t\tvar s = document.getElementsByTagName('script')[0]; s.parentNode.insertBefore(coomeet, s);<!-- [et_pb_line_break_holder] -->\t\t})();<!-- [et_pb_line_break_holder] -->\t<\/script><!-- [et_pb_line_break_holder] --><\/div>\n<p><\/center>[\/et_pb_code][et_pb_code disabled_on=\u00a0\u00bboff|off|off\u00a0\u00bb _builder_version=\u00a0\u00bb4.16&Prime; background_color=\u00a0\u00bbrgba(0,0,0,0)\u00a0\u00bb custom_margin=\u00a0\u00bb25px||||false|false\u00a0\u00bb global_colors_info=\u00a0\u00bb{}\u00a0\u00bb]<!-- [et_pb_line_break_holder] --><center><\/p>\n<div id=\"coomeet_container\" style=\"width:800px; height:650px\"><!-- [et_pb_line_break_holder] -->\t<script type=\"text\/javascript\"><!-- [et_pb_line_break_holder] -->\t\tvar _coomeet = [];<!-- [et_pb_line_break_holder] -->\t\t_coomeet['PartnerId'] = 15838965372563;<!-- [et_pb_line_break_holder] -->\t\t_coomeet['ChannelName'] = 'videochatgirls';<!-- [et_pb_line_break_holder] -->\t\t(function() {<!-- [et_pb_line_break_holder] -->\t\t\tvar coomeet = document.createElement('script'); coomeet.type = 'text\/javascript'; coomeet.async = true;<!-- [et_pb_line_break_holder] -->\t\t\tcoomeet.src = 'https:\/\/iframe.coomeet.me\/js\/code.js';<!-- [et_pb_line_break_holder] -->\t\t\tvar s = document.getElementsByTagName('script')[0]; s.parentNode.insertBefore(coomeet, s);<!-- [et_pb_line_break_holder] -->\t\t})();<!-- [et_pb_line_break_holder] -->\t<\/script><!-- [et_pb_line_break_holder] --><\/div>\n<p><\/center>[\/et_pb_code][\/et_pb_column][\/et_pb_row][et_pb_row admin_label=\u00a0\u00bbPage Title Area\u00a0\u00bb _builder_version=\u00a0\u00bb4.16&Prime; _module_preset=\u00a0\u00bbdefault\u00a0\u00bb background_size=\u00a0\u00bbinitial\u00a0\u00bb background_position=\u00a0\u00bbtop_left\u00a0\u00bb background_repeat=\u00a0\u00bbrepeat\u00a0\u00bb width_tablet=\u00a0\u00bb\u00a0\u00bb width_phone=\u00a0\u00bb100%\u00a0\u00bb width_last_edited=\u00a0\u00bbon|phone\u00a0\u00bb global_colors_info=\u00a0\u00bb{}\u00a0\u00bb][et_pb_column type=\u00a0\u00bb4_4&Prime; _builder_version=\u00a0\u00bb4.16&Prime; _module_preset=\u00a0\u00bbdefault\u00a0\u00bb custom_padding=\u00a0\u00bb|||\u00a0\u00bb global_colors_info=\u00a0\u00bb{}\u00a0\u00bb custom_padding__hover=\u00a0\u00bb|||\u00a0\u00bb][et_pb_text admin_label=\u00a0\u00bbTitle\u00a0\u00bb _builder_version=\u00a0\u00bb4.16&Prime; _module_preset=\u00a0\u00bbdefault\u00a0\u00bb text_font=\u00a0\u00bbPoppins||||||||\u00a0\u00bb text_font_size=\u00a0\u00bb18px\u00a0\u00bb text_line_height=\u00a0\u00bb1.8em\u00a0\u00bb link_text_color=\u00a0\u00bb#ffffff\u00a0\u00bb header_font=\u00a0\u00bbPoppins|600|||||||\u00a0\u00bb header_font_size=\u00a0\u00bb48px\u00a0\u00bb header_line_height=\u00a0\u00bb1.4em\u00a0\u00bb header_2_font=\u00a0\u00bb||||||||\u00a0\u00bb text_orientation=\u00a0\u00bbcenter\u00a0\u00bb background_layout=\u00a0\u00bbdark\u00a0\u00bb max_width=\u00a0\u00bb700px\u00a0\u00bb max_width_tablet=\u00a0\u00bb\u00a0\u00bb max_width_phone=\u00a0\u00bb90%\u00a0\u00bb max_width_last_edited=\u00a0\u00bbon|phone\u00a0\u00bb module_alignment=\u00a0\u00bbcenter\u00a0\u00bb custom_margin=\u00a0\u00bb|||\u00a0\u00bb animation_style=\u00a0\u00bbfade\u00a0\u00bb header_font_size_tablet=\u00a0\u00bb40px\u00a0\u00bb header_font_size_phone=\u00a0\u00bb32px\u00a0\u00bb header_font_size_last_edited=\u00a0\u00bbon|phone\u00a0\u00bb global_colors_info=\u00a0\u00bb{}\u00a0\u00bb]<\/p>\n<h1 class=\"title\">Live Video Cam Chat avec de belles filles<\/h1>\n<p>Le meilleur endroit pour rencontrer des filles en ligne&#8230;<\/p>\n<p>Chat avec des filles en ligne sans inscription.<\/p>\n<p>Gratuit et discutez avec des filles \u00e9tonnantes et int\u00e9ressantes d\u00e8s maintenant. Contenu personnalis\u00e9. Cam \u00e0 Cam. Chat priv\u00e9 en direct. Grande vari\u00e9t\u00e9 de filles.<\/p>\n<p>L&rsquo;adh\u00e9sion est gratuite. S\u00fbr et s\u00e9curis\u00e9. Les belles filles d&rsquo;\u00e0 c\u00f4t\u00e9.<br \/>Chat Now. Trouver des dates int\u00e9ressantes tous les jours !<\/p>\n<p>[\/et_pb_text][\/et_pb_column][\/et_pb_row][\/et_pb_section][et_pb_section fb_built=\u00a0\u00bb1&Prime; admin_label=\u00a0\u00bbProject Details Section\u00a0\u00bb _builder_version=\u00a0\u00bb4.16&Prime; _module_preset=\u00a0\u00bbdefault\u00a0\u00bb background_image=\u00a0\u00bbhttps:\/\/chatfly.net\/wp-content\/uploads\/2020\/11\/section-bg-graph.png\u00a0\u00bb background_size=\u00a0\u00bbcontain\u00a0\u00bb background_position=\u00a0\u00bbbottom_center\u00a0\u00bb custom_padding=\u00a0\u00bb0px||90px||false|false\u00a0\u00bb locked=\u00a0\u00bboff\u00a0\u00bb global_colors_info=\u00a0\u00bb{}\u00a0\u00bb][et_pb_row admin_label=\u00a0\u00bbR\u00e9sum\u00e9 du projet\u00a0\u00bb _builder_version=\u00a0\u00bb4.16&Prime; _module_preset=\u00a0\u00bbdefault\u00a0\u00bb custom_padding=\u00a0\u00bb|||\u00a0\u00bb global_colors_info=\u00a0\u00bb{}\u00a0\u00bb][et_pb_column type=\u00a0\u00bb4_4&Prime; _builder_version=\u00a0\u00bb4.16&Prime; _module_preset=\u00a0\u00bbdefault\u00a0\u00bb custom_padding=\u00a0\u00bb|||\u00a0\u00bb global_colors_info=\u00a0\u00bb{}\u00a0\u00bb custom_padding__hover=\u00a0\u00bb|||\u00a0\u00bb][et_pb_text admin_label=\u00a0\u00bbTitle\u00a0\u00bb _builder_version=\u00a0\u00bb4.16&Prime; _module_preset=\u00a0\u00bbdefault\u00a0\u00bb text_font=\u00a0\u00bbPoppins||||||||\u00a0\u00bb text_font_size=\u00a0\u00bb16px\u00a0\u00bb text_line_height=\u00a0\u00bb1.8em\u00a0\u00bb ul_font=\u00a0\u00bb||||||||\u00a0\u00bb ol_font=\u00a0\u00bb||||||||\u00a0\u00bb header_font=\u00a0\u00bb||||||||\u00a0\u00bb header_text_align=\u00a0\u00bbleft\u00a0\u00bb header_2_font=\u00a0\u00bbPoppins|600|||||||\u00a0\u00bb header_2_text_align=\u00a0\u00bbleft\u00a0\u00bb header_2_font_size=\u00a0\u00bb36px\u00a0\u00bb header_2_line_height=\u00a0\u00bb1.4em\u00a0\u00bb max_width=\u00a0\u00bb800px\u00a0\u00bb animation_style=\u00a0\u00bbfold\u00a0\u00bb animation_direction=\u00a0\u00bbbottom\u00a0\u00bb animation_intensity_fold=\u00a0\u00bb10%\u00a0\u00bb animation_starting_opacity=\u00a0\u00bb100%\u00a0\u00bb header_2_font_size_tablet=\u00a0\u00bb30px\u00a0\u00bb header_2_font_size_phone=\u00a0\u00bb30px\u00a0\u00bb header_2_font_size_last_edited=\u00a0\u00bbon|phone\u00a0\u00bb custom_css_main_element=\u00a0\u00bbmargin:0 auto;\u00a0\u00bb global_colors_info=\u00a0\u00bb{}\u00a0\u00bb]<\/p>\n<h2 class=\"h2_heading\">Random Cam Chat With Girls<\/h2>\n<div class=\"text-center\">\n<div class=\"text-center\">\n<p>Il existe des centaines de sites de chat vid\u00e9o Cam disponibles en ligne et la plupart sont surcharg\u00e9s d&rsquo;hommes, ce qui rend difficile de trouver ce que vous recherchez.<\/p>\n<p>Donc, si vous \u00eates vraiment \u00e0 la recherche d&rsquo;un v\u00e9ritable <a href=\"https:\/\/chatfly.net\/fr\/\">chat vid\u00e9o avec des filles<\/a> alors le chat vid\u00e9o de filles est le meilleur choix pour vos besoins. Il vous offre l&rsquo;espace et <a href=\"https:\/\/worldlivefm.com\/\" target=\"_blank\" rel=\"noopener\">l&rsquo;environnement<\/a> parfaits pour faire du chat al\u00e9atoire avec des filles v\u00e9rifi\u00e9es uniquement.<\/p>\n<p>Il y a beaucoup de filles dans le monde pour toi. Rencontrer des filles sur <a href=\"https:\/\/chatfly.net\/fr\/\">chatfly.net<\/a> est beaucoup trop facile. Vous pouvez sortir avec autant de filles que vous le souhaitez gr\u00e2ce aux rencontres vid\u00e9o al\u00e9atoires. Tentez donc votre chance et voyez ce que la vie vous apporte !<\/p>\n<div class=\"text-center\">\n<div class=\"text-center\">\n<p>Avec VideoChatGirls Cam Chat, vous aurez acc\u00e8s \u00e0 un monde de romance et de libert\u00e9. Trouver toutes les alternatives au chat <a href=\"https:\/\/chatfly.net\/fr\/chatrandom\/\">ChatRandom<\/a> en un seul endroit<\/p>\n<\/div>\n<\/div>\n<div class=\"spacer_50\">\n<div class=\"row\">\n<div class=\"col-md-6 col-spacer\">\n<div class=\"box_list media\">\n<div><\/div>\n<div class=\"media-body\"><\/div>\n<\/div>\n<\/div>\n<\/div>\n<\/div>\n<p>&nbsp;<\/p>\n<\/div>\n<\/div>\n<div class=\"spacer_50\">\n<div class=\"row\">\n<div class=\"col-md-6 col-spacer\">\n<div class=\"box_list media\">\n<div class=\"media-body\"><\/div>\n<\/div>\n<\/div>\n<\/div>\n<\/div>\n<p>[\/et_pb_text][\/et_pb_column][\/et_pb_row][et_pb_row _builder_version=\u00a0\u00bb4.19.0&Prime; _module_preset=\u00a0\u00bbdefault\u00a0\u00bb custom_margin=\u00a0\u00bb-42px|auto||auto||\u00a0\u00bb locked=\u00a0\u00bboff\u00a0\u00bb global_colors_info=\u00a0\u00bb{}\u00a0\u00bb][et_pb_column type=\u00a0\u00bb4_4&Prime; _builder_version=\u00a0\u00bb4.19.0&Prime; _module_preset=\u00a0\u00bbdefault\u00a0\u00bb global_colors_info=\u00a0\u00bb{}\u00a0\u00bb][et_pb_text _builder_version=\u00a0\u00bb4.19.0&Prime; _module_preset=\u00a0\u00bbdefault\u00a0\u00bb global_colors_info=\u00a0\u00bb{}\u00a0\u00bb]<\/p>\n<p style=\"text-align: center;\"><a href=\"https:\/\/chatfly.net\/fr\/callmechat\/\">callmechat<\/a>,  <span style=\"color: #666666;\"><span style=\"color: #5612bd;\"><a href=\"https:\/\/chatfly.net\/fr\/coomeet\/\" style=\"color: #5612bd;\">coomeet<\/a><\/span>, <span style=\"color: #5612bd;\"><a href=\"https:\/\/chatfly.net\/fr\/omegle\/\" style=\"color: #5612bd;\">omegle<\/a><\/span>, <a href=\"https:\/\/chatfly.net\/fr\/chatzy\/\">chatzy<\/a> ou <a href=\"https:\/\/chatfly.net\/fr\/chatrandom\/\" style=\"color: #666666;\"><span style=\"color: #5612bd;\">chatrandom<\/span><\/a>.<\/span><\/p>\n<p style=\"text-align: center;\"><a href=\"https:\/\/chatfly.net\/fr\/\"><span style=\"color: #666666;\">home<\/span><\/a><\/p>\n<p>[\/et_pb_text][\/et_pb_column][\/et_pb_row][\/et_pb_section]<\/p>","protected":false},"excerpt":{"rendered":"<p>Live Video Cam Chat avec de belles filles Le meilleur endroit pour rencontrer des filles en ligne&#8230; Chat avec des filles en ligne sans inscription. Gratuit et discutez avec des filles \u00e9tonnantes et int\u00e9ressantes d\u00e8s maintenant. Contenu personnalis\u00e9. Cam \u00e0 Cam. Chat priv\u00e9 en direct. Grande vari\u00e9t\u00e9 de filles. L&rsquo;adh\u00e9sion est gratuite. S\u00fbr et s\u00e9curis\u00e9. [&hellip;]<\/p>","protected":false},"author":2,"featured_media":0,"parent":0,"menu_order":0,"comment_status":"closed","ping_status":"closed","template":"","meta":{"_et_pb_use_builder":"on","_et_pb_old_content":"","_et_gb_content_width":"","om_disable_all_campaigns":false,"footnotes":""},"class_list":["post-6952","page","type-page","status-publish","hentry"],"_links":{"self":[{"href":"https:\/\/chatfly.net\/fr\/wp-json\/wp\/v2\/pages\/6952","targetHints":{"allow":["GET"]}}],"collection":[{"href":"https:\/\/chatfly.net\/fr\/wp-json\/wp\/v2\/pages"}],"about":[{"href":"https:\/\/chatfly.net\/fr\/wp-json\/wp\/v2\/types\/page"}],"author":[{"embeddable":true,"href":"https:\/\/chatfly.net\/fr\/wp-json\/wp\/v2\/users\/2"}],"replies":[{"embeddable":true,"href":"https:\/\/chatfly.net\/fr\/wp-json\/wp\/v2\/comments?post=6952"}],"version-history":[{"count":0,"href":"https:\/\/chatfly.net\/fr\/wp-json\/wp\/v2\/pages\/6952\/revisions"}],"wp:attachment":[{"href":"https:\/\/chatfly.net\/fr\/wp-json\/wp\/v2\/media?parent=6952"}],"curies":[{"name":"wp","href":"https:\/\/api.w.org\/{rel}","templated":true}]}}